{"id":2479,"date":"2015-04-22T12:55:45","date_gmt":"2015-04-22T15:55:45","guid":{"rendered":"http:\/\/themes.muffingroup.com\/be\/shop\/?page_id=2479"},"modified":"2025-06-10T10:44:43","modified_gmt":"2025-06-10T13:44:43","slug":"equipapet","status":"publish","type":"page","link":"https:\/\/equipapet.com.br\/website\/equipapet\/","title":{"rendered":"Sobre n\u00f3s"},"content":{"rendered":"<div class=\"wpb-content-wrapper\"><p>[vc_row css=&#8221;.vc_custom_1472660253184{padding-top: 45px !important;padding-bottom: 45px !important;}&#8221;][vc_column width=&#8221;1\/2&#8243;][vc_column_text]<\/p>\n<h2 style=\"text-align: center;\"><strong>EQUIPAPET<\/strong><\/h2>\n<div>Com mais de 28 anos de experi\u00eancia no setor. A Equipapet vem se consolidando com uma empresa refer\u00eancia no mercado, gra\u00e7as ao trabalho s\u00e9rio e comprometido junto a clientes das mais diversas regi\u00f5es do pa\u00eds.<\/div>\n<div><\/div>\n<p>[\/vc_column_text][vc_column_text]<\/p>\n<h2 style=\"text-align: center;\"><\/h2>\n<div><\/div>\n<div>Buscamos constantemente no mercado, por produtos diferenciados, de alta qualidade, durabilidade e \u00f3tima apresenta\u00e7\u00e3o. N\u00e3o s\u00f3 para gerar bons neg\u00f3cios aos nossos clientes, como principalmente para proporcionar bem estar e qualidade de vida aos Pets e seus donos.<\/div>\n<p>[\/vc_column_text][vc_column_text]<\/p>\n<p><img loading=\"lazy\" decoding=\"async\" class=\"size-full wp-image-6414 alignleft\" src=\"http:\/\/www.equipapet.com.br\/site\/wp-content\/uploads\/2015\/04\/marcas.jpg\" alt=\"marcas\" width=\"510\" height=\"113\" srcset=\"https:\/\/equipapet.com.br\/website\/wp-content\/uploads\/2015\/04\/marcas.jpg 510w, https:\/\/equipapet.com.br\/website\/wp-content\/uploads\/2015\/04\/marcas-150x33.jpg 150w, https:\/\/equipapet.com.br\/website\/wp-content\/uploads\/2015\/04\/marcas-500x111.jpg 500w, https:\/\/equipapet.com.br\/website\/wp-content\/uploads\/2015\/04\/marcas-300x66.jpg 300w, https:\/\/equipapet.com.br\/website\/wp-content\/uploads\/2015\/04\/marcas-180x40.jpg 180w\" sizes=\"auto, (max-width: 510px) 100vw, 510px\" \/>[\/vc_column_text][\/vc_column][vc_column width=&#8221;1\/2&#8243;][vc_column_text]<\/p>\n<h2 style=\"text-align: center;\"><strong>CLIENTES E PARCEIROS<\/strong><\/h2>\n<p>[\/vc_column_text][vc_column_text]<\/p>\n<p style=\"text-align: center;\"><img loading=\"lazy\" decoding=\"async\" class=\"aligncenter size-full wp-image-6375\" src=\"http:\/\/www.equipapet.com.br\/site\/wp-content\/uploads\/2015\/04\/parceiros.jpg\" alt=\"parceiros\" width=\"600\" height=\"510\" srcset=\"https:\/\/equipapet.com.br\/website\/wp-content\/uploads\/2015\/04\/parceiros.jpg 600w, https:\/\/equipapet.com.br\/website\/wp-content\/uploads\/2015\/04\/parceiros-150x128.jpg 150w, https:\/\/equipapet.com.br\/website\/wp-content\/uploads\/2015\/04\/parceiros-500x425.jpg 500w, https:\/\/equipapet.com.br\/website\/wp-content\/uploads\/2015\/04\/parceiros-300x255.jpg 300w, https:\/\/equipapet.com.br\/website\/wp-content\/uploads\/2015\/04\/parceiros-180x153.jpg 180w\" sizes=\"auto, (max-width: 600px) 100vw, 600px\" \/><\/p>\n<p>[\/vc_column_text][\/vc_column][\/vc_row][vc_row full_width=&#8221;stretch_row_content_no_spaces&#8221; bg_type=&#8221;bg_color&#8221; bg_override=&#8221;full&#8221; bg_color_value=&#8221;#e8e8e8&#8243; css=&#8221;.vc_custom_1472660334823{padding-top: 40px !important;padding-bottom: 40px !important;}&#8221;][vc_column][vc_column_text]<\/p>\n<p style=\"text-align: center;\">R. Prof. Silveira de Matos, 101 &#8211; Centro<\/p>\n<p style=\"text-align: center;\">Santo Amaro da Imperatriz &#8211; SC, 88140-000<\/p>\n<p style=\"text-align: center;\"><strong>DISTRIBU\u00cdMOS PARA TODO O BRASIL<\/strong><\/p>\n<p>[\/vc_column_text][\/vc_column][\/vc_row]<\/p>\n<\/div>","protected":false},"excerpt":{"rendered":"<p>[vc_row css=&#8221;.vc_custom_1472660253184{padding-top: 45px !important;padding-bottom: 45px !important;}&#8221;][vc_column width=&#8221;1\/2&#8243;][vc_column_text] EQUIPAPET Com mais de 28 anos de experi\u00eancia no setor. A Equipapet vem<\/p>\n","protected":false},"author":1,"featured_media":0,"parent":0,"menu_order":0,"comment_status":"closed","ping_status":"closed","template":"","meta":{"footnotes":""},"class_list":["post-2479","page","type-page","status-publish","hentry"],"_links":{"self":[{"href":"https:\/\/equipapet.com.br\/website\/wp-json\/wp\/v2\/pages\/2479","targetHints":{"allow":["GET"]}}],"collection":[{"href":"https:\/\/equipapet.com.br\/website\/wp-json\/wp\/v2\/pages"}],"about":[{"href":"https:\/\/equipapet.com.br\/website\/wp-json\/wp\/v2\/types\/page"}],"author":[{"embeddable":true,"href":"https:\/\/equipapet.com.br\/website\/wp-json\/wp\/v2\/users\/1"}],"replies":[{"embeddable":true,"href":"https:\/\/equipapet.com.br\/website\/wp-json\/wp\/v2\/comments?post=2479"}],"version-history":[{"count":36,"href":"https:\/\/equipapet.com.br\/website\/wp-json\/wp\/v2\/pages\/2479\/revisions"}],"predecessor-version":[{"id":7646,"href":"https:\/\/equipapet.com.br\/website\/wp-json\/wp\/v2\/pages\/2479\/revisions\/7646"}],"wp:attachment":[{"href":"https:\/\/equipapet.com.br\/website\/wp-json\/wp\/v2\/media?parent=2479"}],"curies":[{"name":"wp","href":"https:\/\/api.w.org\/{rel}","templated":true}]}}