{"id":4901,"date":"2017-02-06T16:00:44","date_gmt":"2017-02-06T18:00:44","guid":{"rendered":"http:\/\/www.equipapet.com.br\/site\/?post_type=product&#038;p=4901"},"modified":"2025-06-11T14:44:34","modified_gmt":"2025-06-11T17:44:34","slug":"maquina-de-secar-pet-shop","status":"publish","type":"product","link":"https:\/\/equipapet.com.br\/website\/product\/maquina-de-secar-pet-shop\/","title":{"rendered":"M\u00c1QUINA DE SECAR COM INFRAVERMELHO"},"content":{"rendered":"<p style=\"text-align: justify;\">Ambiente de trabalho silencioso e higi\u00eanico. N\u00e3o embara\u00e7a os pelos do animal. Timer e sensor de temperatura garantem o trabalho mais seguro. Temperatura interna ajust\u00e1vel. O animal fica menos estressado com a secagem. Efici\u00eancia e rapidez no banho e tosa do animal. A luz infravermelha previne doen\u00e7as de pele. Baixo consumo de energia com menos tempo de secagem. Bocais totalmente flex\u00edveis em a\u00e7o inox, facilitando a dire\u00e7\u00e3o dos jatos de ar no animal. Grade e bandeja em a\u00e7o inox remov\u00edveis. M\u00e1quina inteiramente pintada em ep\u00f3xi. Cores: cinza claro e azul. Medidas externas: 1,335 x 785 x 1.100mm. Medidas internas: 930 x 560 x 930mm. Peso: 145 kg. Amperes: 28 m\u00e1ximo. Watts: 3.600w. Voltagem: 220v.<\/p>\n<p>A Equipapet \u00e9 uma empresa especializada em\u00a0<b>equipamentos veterin\u00e1rios<\/b>. com vasta experi\u00eancia no setor, surgiu no intuito de ser refer\u00eancia no mercado de atua\u00e7\u00e3o e vem ganhando cada vez mais espa\u00e7o na \u00e1rea de\u00a0<b>Equipamentos Veterin\u00e1rios<\/b>\u00a0e\u00a0<b>Produtos Veterin\u00e1rios<\/b>\u00a0relacionados a montar\u00a0<b>Consult\u00f3rios Veterin\u00e1rios<\/b>,\u00a0<b>Cl\u00ednicas Veterin\u00e1rias<\/b>\u00a0e<b>\u00a0Hospitais Veterin\u00e1rios.<\/b><\/p>\n<p>&nbsp;<\/p>\n<p>&nbsp;<\/p>\n<p>Contamos com profissionais treinados e experientes\u00a0para dar todo o suporte para a melhor escolha al\u00e9m de acompanhar o veterin\u00e1rio em sua vida profissional e no dia-a-dia dando suporte no que precisar.<\/p>\n<p>&nbsp;<\/p>\n<p>Conhe\u00e7a nossos produtos, buscamos oferecer sempre a melhor solu\u00e7\u00e3o para sua cl\u00ednica veterin\u00e1ria.<\/p>\n<p style=\"text-align: justify;\"><img loading=\"lazy\" decoding=\"async\" class=\"alignnone wp-image-5064 size-full\" src=\"http:\/\/www.equipapet.com.br\/site\/wp-content\/uploads\/2017\/02\/inmetro.jpg\" width=\"730\" height=\"162\" srcset=\"https:\/\/equipapet.com.br\/website\/wp-content\/uploads\/2017\/02\/inmetro.jpg 730w, https:\/\/equipapet.com.br\/website\/wp-content\/uploads\/2017\/02\/inmetro-150x33.jpg 150w, https:\/\/equipapet.com.br\/website\/wp-content\/uploads\/2017\/02\/inmetro-500x111.jpg 500w, https:\/\/equipapet.com.br\/website\/wp-content\/uploads\/2017\/02\/inmetro-300x67.jpg 300w, https:\/\/equipapet.com.br\/website\/wp-content\/uploads\/2017\/02\/inmetro-600x133.jpg 600w, https:\/\/equipapet.com.br\/website\/wp-content\/uploads\/2017\/02\/inmetro-180x40.jpg 180w\" sizes=\"auto, (max-width: 730px) 100vw, 730px\" \/><\/p>\n","protected":false},"excerpt":{"rendered":"<p>Ambiente de trabalho silencioso e higi\u00eanico. N\u00e3o embara\u00e7a os pelos do animal. Timer e sensor de temperatura garantem o trabalho<\/p>\n","protected":false},"featured_media":4902,"template":"","meta":[],"product_cat":[740,739,777],"product_tag":[],"class_list":{"0":"post-4901","1":"product","2":"type-product","3":"status-publish","4":"has-post-thumbnail","6":"product_cat-banho-tosa","7":"product_cat-clinica-veterinaria","8":"product_cat-equipamentos","10":"first","11":"instock","12":"shipping-taxable","13":"product-type-simple"},"_links":{"self":[{"href":"https:\/\/equipapet.com.br\/website\/wp-json\/wp\/v2\/product\/4901","targetHints":{"allow":["GET"]}}],"collection":[{"href":"https:\/\/equipapet.com.br\/website\/wp-json\/wp\/v2\/product"}],"about":[{"href":"https:\/\/equipapet.com.br\/website\/wp-json\/wp\/v2\/types\/product"}],"wp:featuredmedia":[{"embeddable":true,"href":"https:\/\/equipapet.com.br\/website\/wp-json\/wp\/v2\/media\/4902"}],"wp:attachment":[{"href":"https:\/\/equipapet.com.br\/website\/wp-json\/wp\/v2\/media?parent=4901"}],"wp:term":[{"taxonomy":"product_cat","embeddable":true,"href":"https:\/\/equipapet.com.br\/website\/wp-json\/wp\/v2\/product_cat?post=4901"},{"taxonomy":"product_tag","embeddable":true,"href":"https:\/\/equipapet.com.br\/website\/wp-json\/wp\/v2\/product_tag?post=4901"}],"curies":[{"name":"wp","href":"https:\/\/api.w.org\/{rel}","templated":true}]}}