{"id":4915,"date":"2017-02-06T17:08:13","date_gmt":"2017-02-06T19:08:13","guid":{"rendered":"http:\/\/www.equipapet.com.br\/site\/?post_type=product&#038;p=4915"},"modified":"2025-06-13T14:42:30","modified_gmt":"2025-06-13T17:42:30","slug":"secador-turbo-venezia-220v","status":"publish","type":"product","link":"https:\/\/equipapet.com.br\/website\/product\/secador-turbo-venezia-220v\/","title":{"rendered":"SECADOR TURBO ALUM\u00cdNIO"},"content":{"rendered":"<p style=\"text-align: justify;\">Carca\u00e7a e tubo de alum\u00ednio fundido. Acabamento com pintura ep\u00f3xi. Controle de temperatura morna, m\u00e9dia e alta. Pot\u00eancia de 2600W. Rota\u00e7\u00e3o de 360 graus. Pedestal com regulagem de altura. Cores para escolha: roxo, rosa, laranja ou preto.<\/p>\n<p>A Equipapet \u00e9 uma empresa especializada em\u00a0<b>equipamentos veterin\u00e1rios<\/b>. com vasta experi\u00eancia no setor, surgiu no intuito de ser refer\u00eancia no mercado de atua\u00e7\u00e3o e vem ganhando cada vez mais espa\u00e7o na \u00e1rea de\u00a0<b>Equipamentos Veterin\u00e1rios<\/b>\u00a0e\u00a0<b>Produtos Veterin\u00e1rios<\/b>\u00a0relacionados a montar\u00a0<b>Consult\u00f3rios Veterin\u00e1rios<\/b>,\u00a0<b>Cl\u00ednicas Veterin\u00e1rias<\/b>\u00a0e<b>\u00a0Hospitais Veterin\u00e1rios.<\/b><\/p>\n<p>&nbsp;<\/p>\n<p>&nbsp;<\/p>\n<p>Contamos com profissionais treinados e experientes\u00a0para dar todo o suporte para a melhor escolha al\u00e9m de acompanhar o veterin\u00e1rio em sua vida profissional e no dia-a-dia dando suporte no que precisar.<\/p>\n<p>&nbsp;<\/p>\n<p>Conhe\u00e7a nossos produtos, buscamos oferecer sempre a melhor solu\u00e7\u00e3o para sua cl\u00ednica veterin\u00e1ria.<\/p>\n<p style=\"text-align: justify;\"><img loading=\"lazy\" decoding=\"async\" class=\"alignnone wp-image-5064 size-full\" src=\"http:\/\/www.equipapet.com.br\/site\/wp-content\/uploads\/2017\/02\/inmetro.jpg\" width=\"730\" height=\"162\" srcset=\"https:\/\/equipapet.com.br\/website\/wp-content\/uploads\/2017\/02\/inmetro.jpg 730w, https:\/\/equipapet.com.br\/website\/wp-content\/uploads\/2017\/02\/inmetro-150x33.jpg 150w, https:\/\/equipapet.com.br\/website\/wp-content\/uploads\/2017\/02\/inmetro-500x111.jpg 500w, https:\/\/equipapet.com.br\/website\/wp-content\/uploads\/2017\/02\/inmetro-300x67.jpg 300w, https:\/\/equipapet.com.br\/website\/wp-content\/uploads\/2017\/02\/inmetro-600x133.jpg 600w, https:\/\/equipapet.com.br\/website\/wp-content\/uploads\/2017\/02\/inmetro-180x40.jpg 180w\" sizes=\"auto, (max-width: 730px) 100vw, 730px\" \/><\/p>\n","protected":false},"excerpt":{"rendered":"<p>Carca\u00e7a e tubo de alum\u00ednio fundido. Acabamento com pintura ep\u00f3xi. Controle de temperatura morna, m\u00e9dia e alta. Pot\u00eancia de 2600W.<\/p>\n","protected":false},"featured_media":4914,"template":"","meta":[],"product_cat":[740],"product_tag":[],"class_list":{"0":"post-4915","1":"product","2":"type-product","3":"status-publish","4":"has-post-thumbnail","6":"product_cat-banho-tosa","8":"first","9":"instock","10":"shipping-taxable","11":"purchasable","12":"product-type-simple"},"_links":{"self":[{"href":"https:\/\/equipapet.com.br\/website\/wp-json\/wp\/v2\/product\/4915","targetHints":{"allow":["GET"]}}],"collection":[{"href":"https:\/\/equipapet.com.br\/website\/wp-json\/wp\/v2\/product"}],"about":[{"href":"https:\/\/equipapet.com.br\/website\/wp-json\/wp\/v2\/types\/product"}],"wp:featuredmedia":[{"embeddable":true,"href":"https:\/\/equipapet.com.br\/website\/wp-json\/wp\/v2\/media\/4914"}],"wp:attachment":[{"href":"https:\/\/equipapet.com.br\/website\/wp-json\/wp\/v2\/media?parent=4915"}],"wp:term":[{"taxonomy":"product_cat","embeddable":true,"href":"https:\/\/equipapet.com.br\/website\/wp-json\/wp\/v2\/product_cat?post=4915"},{"taxonomy":"product_tag","embeddable":true,"href":"https:\/\/equipapet.com.br\/website\/wp-json\/wp\/v2\/product_tag?post=4915"}],"curies":[{"name":"wp","href":"https:\/\/api.w.org\/{rel}","templated":true}]}}