{"id":5117,"date":"2017-03-02T17:25:45","date_gmt":"2017-03-02T20:25:45","guid":{"rendered":"http:\/\/www.equipapet.com.br\/site\/?post_type=product&#038;p=5117"},"modified":"2025-06-18T10:24:57","modified_gmt":"2025-06-18T13:24:57","slug":"desembolador-pinos-flexivel","status":"publish","type":"product","link":"https:\/\/equipapet.com.br\/website\/product\/desembolador-pinos-flexivel\/","title":{"rendered":"RASQUEADEIRA PINOS FLEX\u00cdVEL"},"content":{"rendered":"<p>A\u00a0<u>Rasqueadeira Flex\u00edvel<\/u>\u00a0\u00e9 um produto extremamente inovador, por possuir pinos flex\u00edveis em a\u00e7o inoxid\u00e1vel macios em ambos os lados.<\/p>\n<p>A vantagem deste produto, \u00e9 o fato de ele conseguir alcan\u00e7ar os contornos do seu animal de estima\u00e7\u00e3o, e com isso remover suavemente os n\u00f3s embolados mesmo nas \u00e1reas mais dif\u00edceis.<\/p>\n<p>Possui pinos extra longos e macios que penetram profundamente no pelo e que removem os pelos mortos sem machucar a pele.<\/p>\n<p>Possui cabo antiderrapante para uma pegada mais confort\u00e1vel e segura.<\/p>\n<p><b>Dimens\u00e3o:<\/b> 20,5cm x 7,5cm x 4,5cm<\/p>\n<p>A Equipapet \u00e9 uma empresa especializada em\u00a0<b>equipamentos veterin\u00e1rios<\/b>. com vasta experi\u00eancia no setor, surgiu no intuito de ser refer\u00eancia no mercado de atua\u00e7\u00e3o e vem ganhando cada vez mais espa\u00e7o na \u00e1rea de\u00a0<b>Equipamentos Veterin\u00e1rios<\/b>\u00a0e\u00a0<b>Produtos Veterin\u00e1rios<\/b>\u00a0relacionados a montar\u00a0<b>Consult\u00f3rios Veterin\u00e1rios<\/b>,\u00a0<b>Cl\u00ednicas Veterin\u00e1rias<\/b>\u00a0e<b>\u00a0Hospitais Veterin\u00e1rios.<\/b><\/p>\n<p>&nbsp;<\/p>\n<p>&nbsp;<\/p>\n<p>Contamos com profissionais treinados e experientes\u00a0para dar todo o suporte para a melhor escolha al\u00e9m de acompanhar o veterin\u00e1rio em sua vida profissional e no dia-a-dia dando suporte no que precisar.<\/p>\n<p>&nbsp;<\/p>\n<p>Conhe\u00e7a nossos produtos, buscamos oferecer sempre a melhor solu\u00e7\u00e3o para sua cl\u00ednica veterin\u00e1ria.<\/p>\n<p>&nbsp;<\/p>\n","protected":false},"excerpt":{"rendered":"<p>A\u00a0Rasqueadeira Flex\u00edvel\u00a0\u00e9 um produto extremamente inovador, por possuir pinos flex\u00edveis em a\u00e7o inoxid\u00e1vel macios em ambos os lados. A vantagem<\/p>\n","protected":false},"featured_media":5119,"template":"","meta":[],"product_cat":[740,763,767],"product_tag":[],"class_list":{"0":"post-5117","1":"product","2":"type-product","3":"status-publish","4":"has-post-thumbnail","6":"product_cat-banho-tosa","7":"product_cat-promocao","8":"product_cat-pronta-entrega","10":"first","11":"instock","12":"shipping-taxable","13":"purchasable","14":"product-type-simple"},"_links":{"self":[{"href":"https:\/\/equipapet.com.br\/website\/wp-json\/wp\/v2\/product\/5117","targetHints":{"allow":["GET"]}}],"collection":[{"href":"https:\/\/equipapet.com.br\/website\/wp-json\/wp\/v2\/product"}],"about":[{"href":"https:\/\/equipapet.com.br\/website\/wp-json\/wp\/v2\/types\/product"}],"wp:featuredmedia":[{"embeddable":true,"href":"https:\/\/equipapet.com.br\/website\/wp-json\/wp\/v2\/media\/5119"}],"wp:attachment":[{"href":"https:\/\/equipapet.com.br\/website\/wp-json\/wp\/v2\/media?parent=5117"}],"wp:term":[{"taxonomy":"product_cat","embeddable":true,"href":"https:\/\/equipapet.com.br\/website\/wp-json\/wp\/v2\/product_cat?post=5117"},{"taxonomy":"product_tag","embeddable":true,"href":"https:\/\/equipapet.com.br\/website\/wp-json\/wp\/v2\/product_tag?post=5117"}],"curies":[{"name":"wp","href":"https:\/\/api.w.org\/{rel}","templated":true}]}}