{"id":5310,"date":"2017-06-20T14:24:24","date_gmt":"2017-06-20T17:24:24","guid":{"rendered":"http:\/\/www.equipapet.com.br\/site\/?post_type=product&#038;p=5310"},"modified":"2025-06-11T14:42:20","modified_gmt":"2025-06-11T17:42:20","slug":"aparelho-de-anestesia-inalatoria-com-ventilacao-dl-700-delta-life","status":"publish","type":"product","link":"https:\/\/equipapet.com.br\/website\/product\/aparelho-de-anestesia-inalatoria-com-ventilacao-dl-700-delta-life\/","title":{"rendered":"APARELHO DE ANESTESIA INALAT\u00d3RIA COM PEDESTAL SEM VENTILA\u00c7\u00c3O DL 700"},"content":{"rendered":"<h2>Detalhes<\/h2>\n<div class=\"std\">\n<p class=\"Default\">O\u00a0<strong>Sistema de Anestesia \u2013 DL700\u00a0<\/strong>desenvolvido pela Delta Life \u00e9 um equipamento exclusivo de uso veterin\u00e1rio que tem por objetivo oferecer administrar agentes anest\u00e9sicos vol\u00e1teis ao paciente de forma precisa e controlada.<\/p>\n<p class=\"Default\">Esse modelo de sistema de anestesia conta com duas partes principais de funcionamento para que o paciente seja assistido da melhor forma. S\u00e3o elas:<\/p>\n<ul>\n<li><strong>Se\u00e7\u00e3o de fluxo cont\u00ednuo<\/strong>: respons\u00e1vel pela mistura dos gases e anest\u00e9sicos fornecendo um fluxo cont\u00ednuo ao paciente. Composta pelo\u00a0<em>Bloco de Rot\u00e2metro\u00a0<\/em>e pelo\u00a0<em>Vaporizador.<\/em><\/li>\n<\/ul>\n<ul>\n<li><strong>Sistema respirat\u00f3rio<\/strong>: leva o fluxo cont\u00ednuo de gases ao paciente, permite a reinala\u00e7\u00e3o dos gases a partir da filtragem do g\u00e1s carb\u00f4nico do ar expirado.<\/li>\n<\/ul>\n<p><strong><em>\u00a0<\/em><\/strong><\/p>\n<p><strong>Especifica\u00e7\u00f5es T\u00e9cnicas<\/strong><\/p>\n<p><strong>Sec\u00e7\u00e3o de Fluxo Cont\u00ednuo<\/strong><strong>\u00a0<\/strong><strong>&#8211;\u00a0<\/strong>A se\u00e7\u00e3o de fluxo cont\u00ednuo do\u00a0<em>Sistema de Anestesia \u2013 DL700\u00a0<\/em>\u00e9 respons\u00e1vel por realizar a mistura entre os gases que alimentam o aparelho de anestesia e o vapor do agente anest\u00e9sico vol\u00e1til, de forma controlada e segura, fornecendo um fluxo cont\u00ednuo que \u00e9 enviado ao paciente atrav\u00e9s do sistema respirat\u00f3rio do equipamento.<\/p>\n<p class=\"Default\"><strong>Vaporizador &#8211;\u00a0<\/strong>O vaporizador \u00e9 respons\u00e1vel pela mistura gasosa entre os gases fornecidos ao sistema de anestesia e o agente anest\u00e9sico vol\u00e1til que ser\u00e1 utilizado. O vaporizador recebe o oxig\u00eanio do bloco de rot\u00e2metro e acrescenta a essa mistura uma porcentagem especificada de vapor de anest\u00e9sico.<\/p>\n<p class=\"Default\"><strong>Alimenta\u00e7\u00e3o de Gases &#8211;\u00a0<\/strong>A alimenta\u00e7\u00e3o de oxig\u00eanio \u00e9 feita pela traseira do equipamento conectando a extens\u00e3o a uma fonte de oxig\u00eanio que pode ser um cilindro ou da rede canalizada.<\/p>\n<p>A Equipapet \u00e9 uma empresa especializada em\u00a0<b>equipamentos veterin\u00e1rios<\/b>. com vasta experi\u00eancia no setor, surgiu no intuito de ser refer\u00eancia no mercado de atua\u00e7\u00e3o e vem ganhando cada vez mais espa\u00e7o na \u00e1rea de\u00a0<b>Equipamentos Veterin\u00e1rios<\/b>\u00a0e\u00a0<b>Produtos Veterin\u00e1rios<\/b>\u00a0relacionados a montar\u00a0<b>Consult\u00f3rios Veterin\u00e1rios<\/b>,\u00a0<b>Cl\u00ednicas Veterin\u00e1rias<\/b>\u00a0e<b>\u00a0Hospitais Veterin\u00e1rios.<\/b><\/p>\n<p>&nbsp;<\/p>\n<p>&nbsp;<\/p>\n<p>Contamos com profissionais treinados e experientes\u00a0para dar todo o suporte para a melhor escolha al\u00e9m de acompanhar o veterin\u00e1rio em sua vida profissional e no dia-a-dia dando suporte no que precisar.<\/p>\n<p>&nbsp;<\/p>\n<p>Conhe\u00e7a nossos produtos, buscamos oferecer sempre a melhor solu\u00e7\u00e3o para sua cl\u00ednica veterin\u00e1ria.<\/p>\n<\/div>\n","protected":false},"excerpt":{"rendered":"<ul>\n<li>Rela\u00e7\u00e3o Inspira\u00e7\u00e3o Expira\u00e7\u00e3o.<\/li>\n<\/ul>\n<ul>\n<li>Vaporizador \u00c2mbar,\u00a0 ajustes para diferentes tipos de anest\u00e9sicos.<\/li>\n<li><\/li>\n<\/ul>\n","protected":false},"featured_media":6966,"template":"","meta":[],"product_cat":[776,739],"product_tag":[],"class_list":{"0":"post-5310","1":"product","2":"type-product","3":"status-publish","4":"has-post-thumbnail","6":"product_cat-anestesia","7":"product_cat-clinica-veterinaria","9":"first","10":"instock","11":"shipping-taxable","12":"product-type-simple"},"_links":{"self":[{"href":"https:\/\/equipapet.com.br\/website\/wp-json\/wp\/v2\/product\/5310","targetHints":{"allow":["GET"]}}],"collection":[{"href":"https:\/\/equipapet.com.br\/website\/wp-json\/wp\/v2\/product"}],"about":[{"href":"https:\/\/equipapet.com.br\/website\/wp-json\/wp\/v2\/types\/product"}],"wp:featuredmedia":[{"embeddable":true,"href":"https:\/\/equipapet.com.br\/website\/wp-json\/wp\/v2\/media\/6966"}],"wp:attachment":[{"href":"https:\/\/equipapet.com.br\/website\/wp-json\/wp\/v2\/media?parent=5310"}],"wp:term":[{"taxonomy":"product_cat","embeddable":true,"href":"https:\/\/equipapet.com.br\/website\/wp-json\/wp\/v2\/product_cat?post=5310"},{"taxonomy":"product_tag","embeddable":true,"href":"https:\/\/equipapet.com.br\/website\/wp-json\/wp\/v2\/product_tag?post=5310"}],"curies":[{"name":"wp","href":"https:\/\/api.w.org\/{rel}","templated":true}]}}