{"id":5335,"date":"2017-06-21T14:32:46","date_gmt":"2017-06-21T17:32:46","guid":{"rendered":"http:\/\/www.equipapet.com.br\/site\/?post_type=product&#038;p=5335"},"modified":"2025-06-20T14:14:19","modified_gmt":"2025-06-20T17:14:19","slug":"foco-parede-bicolor-delta-life","status":"publish","type":"product","link":"https:\/\/equipapet.com.br\/website\/product\/foco-parede-bicolor-delta-life\/","title":{"rendered":"FOCO CIR\u00daRGICO PAREDE BICOLOR 12 LEDS"},"content":{"rendered":"<h2>Detalhes<\/h2>\n<div class=\"std\">\n<p><strong>O Foco Cir\u00fargico de Led Bicolor possui 12 Leds:<\/strong><\/p>\n<ul>\n<li>6 Branco Quente<\/li>\n<li>6 Branco frio<\/li>\n<li>Total controle de Luminosidade e Tonalidade.<\/li>\n<\/ul>\n<p><img loading=\"lazy\" decoding=\"async\" src=\"http:\/\/www.deltalife.com.br\/media\/focos\/foco_leds.jpg\" alt=\"\" width=\"274\" height=\"288\" \/><\/p>\n<p>Os Leds Brancos Quentes emitem uma luz amarelada ideal para uso em tecidos claros.<\/p>\n<p><img loading=\"lazy\" decoding=\"async\" src=\"http:\/\/www.deltalife.com.br\/media\/focos\/led_osso_site.jpg\" alt=\"\" width=\"301\" height=\"341\" \/><\/p>\n<p>Os Leds Brancos Frios emitem uma luz azulada ideal para o uso em tecidos escuros.<\/p>\n<p><img loading=\"lazy\" decoding=\"async\" src=\"http:\/\/www.deltalife.com.br\/media\/focos\/led_musculo_site.jpg\" alt=\"\" width=\"305\" height=\"344\" \/><\/p>\n<p>O Ajuste dessas cores e da intensidade da luz \u00e9 muito importante quando se necessita de um alto contraste na \u00e1rea iluminada, facilitando a visualiza\u00e7\u00e3o dos tecidos.<\/p>\n<p><img loading=\"lazy\" decoding=\"async\" src=\"http:\/\/www.deltalife.com.br\/media\/focos\/ajuste.jpg\" alt=\"\" width=\"99\" height=\"129\" \/><\/p>\n<p>A movimenta\u00e7\u00e3o do foco, realizada pela manopla desenvolvida em alum\u00ednio auto-clav\u00e1vel, permite uma maior higieniza\u00e7\u00e3o e assepsia quanto ao manuseio do equipamento.<\/p>\n<p><img loading=\"lazy\" decoding=\"async\" src=\"http:\/\/www.deltalife.com.br\/media\/focos\/manopla_transp.png\" alt=\"\" width=\"249\" height=\"61\" \/><\/p>\n<p>&nbsp;<\/p>\n<p><strong>\u00a0CARACTER\u00cdSTICAS T\u00c9CNICAS<\/strong><\/p>\n<ul>\n<li><strong>Di\u00e2metro da C\u00fapula:<\/strong>\u00a0200mm<\/li>\n<li><strong>Intensidade Luminosa:<\/strong>\u00a01 c\u00fapula\u00a0 38mil Lux +\/-5% (Em compara\u00e7\u00e3o a ilumina\u00e7\u00e3o de lampada comum, a pot\u00eancia \u00e9 3x maior);<\/li>\n<li><strong>Temperatura da Cor:<\/strong>\u00a03.200\u00baK \/ 4.200\u00baK \u00a0+\/- 200\u00baK<strong><br \/>\n<\/strong><\/li>\n<li><strong>Leds:<\/strong>\u00a012 por C\u00fapula<\/li>\n<li><strong>Vida \u00fatil:<\/strong>\u00a0+\/- 20mil horas<\/li>\n<li><strong>Alimenta\u00e7\u00e3o:<\/strong> 110V ou 220V autom\u00e1ticA Equipapet \u00e9 uma empresa especializada em\u00a0<b>equipamentos veterin\u00e1rios<\/b>. com vasta experi\u00eancia no setor, surgiu no intuito de ser refer\u00eancia no mercado de atua\u00e7\u00e3o e vem ganhando cada vez mais espa\u00e7o na \u00e1rea de\u00a0<b>Equipamentos Veterin\u00e1rios<\/b>\u00a0e\u00a0<b>Produtos Veterin\u00e1rios<\/b>\u00a0relacionados a montar\u00a0<b>Consult\u00f3rios Veterin\u00e1rios<\/b>,\u00a0<b>Cl\u00ednicas Veterin\u00e1rias<\/b>\u00a0e<b>\u00a0Hospitais Veterin\u00e1rios.<\/b>\n<p>&nbsp;<\/p>\n<p>&nbsp;<\/p>\n<p>Contamos com profissionais treinados e experientes\u00a0para dar todo o suporte para a melhor escolha al\u00e9m de acompanhar o veterin\u00e1rio em sua vida profissional e no dia-a-dia dando suporte no que precisar.<\/p>\n<p>&nbsp;<\/p>\n<p>Conhe\u00e7a nossos produtos, buscamos oferecer sempre a melhor solu\u00e7\u00e3o para sua cl\u00ednica veterin\u00e1ria.<\/li>\n<\/ul>\n<p>&nbsp;<\/p>\n<\/div>\n","protected":false},"excerpt":{"rendered":"<ul>\n<li>12 Luzes de LED;<\/li>\n<li>Dois tipos de luz: Branco Frio e Branco Quente.<\/li>\n<li>Baixo consumo;<\/li>\n<li>Maior luminosidade;<\/li>\n<li>Ilumina\u00e7\u00e3o ideal para tecidos sens\u00edveis ao calor, devido \u00e0 utliza\u00e7\u00e3o de LEDs frios;<\/li>\n<li>N\u00e3o esquenta o ambiente;<\/li>\n<li>Ajuste da Luz;<\/li>\n<li>Manopla auto-clav\u00e1ve<\/li>\n<\/ul>\n","protected":false},"featured_media":6985,"template":"","meta":[],"product_cat":[739,778],"product_tag":[],"class_list":{"0":"post-5335","1":"product","2":"type-product","3":"status-publish","4":"has-post-thumbnail","6":"product_cat-clinica-veterinaria","7":"product_cat-foco","9":"first","10":"instock","11":"shipping-taxable","12":"purchasable","13":"product-type-simple"},"_links":{"self":[{"href":"https:\/\/equipapet.com.br\/website\/wp-json\/wp\/v2\/product\/5335","targetHints":{"allow":["GET"]}}],"collection":[{"href":"https:\/\/equipapet.com.br\/website\/wp-json\/wp\/v2\/product"}],"about":[{"href":"https:\/\/equipapet.com.br\/website\/wp-json\/wp\/v2\/types\/product"}],"wp:featuredmedia":[{"embeddable":true,"href":"https:\/\/equipapet.com.br\/website\/wp-json\/wp\/v2\/media\/6985"}],"wp:attachment":[{"href":"https:\/\/equipapet.com.br\/website\/wp-json\/wp\/v2\/media?parent=5335"}],"wp:term":[{"taxonomy":"product_cat","embeddable":true,"href":"https:\/\/equipapet.com.br\/website\/wp-json\/wp\/v2\/product_cat?post=5335"},{"taxonomy":"product_tag","embeddable":true,"href":"https:\/\/equipapet.com.br\/website\/wp-json\/wp\/v2\/product_tag?post=5335"}],"curies":[{"name":"wp","href":"https:\/\/api.w.org\/{rel}","templated":true}]}}