{"id":5347,"date":"2017-06-21T14:50:13","date_gmt":"2017-06-21T17:50:13","guid":{"rendered":"http:\/\/www.equipapet.com.br\/site\/?post_type=product&#038;p=5347"},"modified":"2025-06-20T14:14:05","modified_gmt":"2025-06-20T17:14:05","slug":"foco-parede-led-delta-life","status":"publish","type":"product","link":"https:\/\/equipapet.com.br\/website\/product\/foco-parede-led-delta-life\/","title":{"rendered":"FOCO CIR\u00daRGICO PAREDE 6 LEDS"},"content":{"rendered":"<h2>Detalhes<\/h2>\n<div class=\"std\">\n<div class=\"std\">\n<p>O fluxo direcional das l\u00e2mpadas LED permite dirigir a luz \u00e0 \u00e1rea desejada, incrementando consideravelmente a uniformidade lum\u00ednica e reduzindo manchas ou pontos escuros e a perda de ilumina\u00e7\u00e3o entre as fontes de luz. Em conseq\u00fc\u00eancia, otimiza o uso da luz emitida e reduz o consumo de energia e a contamina\u00e7\u00e3o lum\u00ednica, ou seja, as l\u00e2mpadas LED t\u00eam um maior rendimento Luminoso \u00datil (expressado em porcentagem de lumens por watt). Adicionalmente, as l\u00e2mpadas LED oferecem oito vezes mais ilumina\u00e7\u00e3o que as obsoletas l\u00e2mpadas incandescentes.<\/p>\n<p>O novo sistema de ilumina\u00e7\u00e3o cir\u00fargica de alto fluxo de luz possui baixo consumo de energia, baixa manuten\u00e7\u00e3o, resist\u00eancia a vibra\u00e7\u00f5es, movimenta\u00e7\u00e3o das c\u00fapulas em todos os sentidos e ilumina perfeitamente tecidos sens\u00edveis ao calor, devido a sua ilumina\u00e7\u00e3o linear e fria.<\/p>\n<p><strong>CARACTER\u00cdSTICAS T\u00c9CNICAS<\/strong><\/p>\n<p><strong>Di\u00e2metro da C\u00fapula:<\/strong>\u00a0100mm;<\/p>\n<p><strong>Intensidade Luminosa:<\/strong>\u00a01 c\u00fapula 19mil Lux +\/-5% (Em compara\u00e7\u00e3o a ilumina\u00e7\u00e3o de lampada comum, a pot\u00eancia \u00e9 3x maior);<\/p>\n<p><strong>Temperatura da Cor:<\/strong>\u00a03.200\u00baK \/ 4.200\u00baK +\/- 200\u00baK;<\/p>\n<p><strong>Leds:<\/strong>\u00a06 por C\u00fapula;<\/p>\n<p><strong>Vida \u00fatil:<\/strong>\u00a0+\/- 20mil horas;<\/p>\n<p><strong>Alimenta\u00e7\u00e3o:<\/strong>\u00a0110V ou 220V autom\u00e1tico;<\/p>\n<p>A Equipapet \u00e9 uma empresa especializada em\u00a0<b>equipamentos veterin\u00e1rios<\/b>. com vasta experi\u00eancia no setor, surgiu no intuito de ser refer\u00eancia no mercado de atua\u00e7\u00e3o e vem ganhando cada vez mais espa\u00e7o na \u00e1rea de\u00a0<b>Equipamentos Veterin\u00e1rios<\/b>\u00a0e\u00a0<b>Produtos Veterin\u00e1rios<\/b>\u00a0relacionados a montar\u00a0<b>Consult\u00f3rios Veterin\u00e1rios<\/b>,\u00a0<b>Cl\u00ednicas Veterin\u00e1rias<\/b>\u00a0e<b>\u00a0Hospitais Veterin\u00e1rios.<\/b><\/p>\n<p>&nbsp;<\/p>\n<p>&nbsp;<\/p>\n<p>Contamos com profissionais treinados e experientes\u00a0para dar todo o suporte para a melhor escolha al\u00e9m de acompanhar o veterin\u00e1rio em sua vida profissional e no dia-a-dia dando suporte no que precisar.<\/p>\n<p>&nbsp;<\/p>\n<p>Conhe\u00e7a nossos produtos, buscamos oferecer sempre a melhor solu\u00e7\u00e3o para sua cl\u00ednica veterin\u00e1ria.<\/p>\n<\/div>\n<\/div>\n","protected":false},"excerpt":{"rendered":"<ul>\n<li>Luz de LED;<\/li>\n<li>Baixo consumo;<\/li>\n<li>Maior luminosidade;<\/li>\n<li>Ilumina\u00e7\u00e3o ideal para tecidos sens\u00edveis ao calor, devido \u00e0 utliza\u00e7\u00e3o de LEDs frios;<\/li>\n<li>N\u00e3o esquenta o ambiente;<\/li>\n<\/ul>\n","protected":false},"featured_media":6984,"template":"","meta":[],"product_cat":[739,778],"product_tag":[],"class_list":{"0":"post-5347","1":"product","2":"type-product","3":"status-publish","4":"has-post-thumbnail","6":"product_cat-clinica-veterinaria","7":"product_cat-foco","9":"first","10":"instock","11":"shipping-taxable","12":"product-type-simple"},"_links":{"self":[{"href":"https:\/\/equipapet.com.br\/website\/wp-json\/wp\/v2\/product\/5347","targetHints":{"allow":["GET"]}}],"collection":[{"href":"https:\/\/equipapet.com.br\/website\/wp-json\/wp\/v2\/product"}],"about":[{"href":"https:\/\/equipapet.com.br\/website\/wp-json\/wp\/v2\/types\/product"}],"wp:featuredmedia":[{"embeddable":true,"href":"https:\/\/equipapet.com.br\/website\/wp-json\/wp\/v2\/media\/6984"}],"wp:attachment":[{"href":"https:\/\/equipapet.com.br\/website\/wp-json\/wp\/v2\/media?parent=5347"}],"wp:term":[{"taxonomy":"product_cat","embeddable":true,"href":"https:\/\/equipapet.com.br\/website\/wp-json\/wp\/v2\/product_cat?post=5347"},{"taxonomy":"product_tag","embeddable":true,"href":"https:\/\/equipapet.com.br\/website\/wp-json\/wp\/v2\/product_tag?post=5347"}],"curies":[{"name":"wp","href":"https:\/\/api.w.org\/{rel}","templated":true}]}}