{"id":5584,"date":"2017-09-12T22:08:35","date_gmt":"2017-09-13T01:08:35","guid":{"rendered":"http:\/\/www.equipapet.com.br\/site\/?post_type=product&#038;p=5584"},"modified":"2025-06-20T13:43:29","modified_gmt":"2025-06-20T16:43:29","slug":"armario-pequeno-em-mdf-cod-mv-0026","status":"publish","type":"product","link":"https:\/\/equipapet.com.br\/website\/product\/armario-pequeno-em-mdf-cod-mv-0026\/","title":{"rendered":"ARM\u00c1RIO EM F\u00d3RMICA BRANCO PEQUENO"},"content":{"rendered":"<p>Medidas: (CxLxA) 50x40x160cm &#8211; MDF na cor branco. Porta superior de vidro e uma prateleira de vidro; tr\u00eas gavetas, a primeira com divis\u00f3rias e porta inferior com uma prateleira de MDF. P\u00e9s em a\u00e7o inoxid\u00e1vel.<\/p>\n<p>&nbsp;<\/p>\n","protected":false},"excerpt":{"rendered":"<p>Medidas: (CxLxA) 50x40x160cm &#8211; MDF na cor branco. Porta superior de vidro e uma prateleira de vidro; tr\u00eas gavetas, a<\/p>\n","protected":false},"featured_media":5585,"template":"","meta":[],"product_cat":[739,782],"product_tag":[],"class_list":{"0":"post-5584","1":"product","2":"type-product","3":"status-publish","4":"has-post-thumbnail","6":"product_cat-clinica-veterinaria","7":"product_cat-moveis","9":"first","10":"instock","11":"shipping-taxable","12":"purchasable","13":"product-type-simple"},"_links":{"self":[{"href":"https:\/\/equipapet.com.br\/website\/wp-json\/wp\/v2\/product\/5584","targetHints":{"allow":["GET"]}}],"collection":[{"href":"https:\/\/equipapet.com.br\/website\/wp-json\/wp\/v2\/product"}],"about":[{"href":"https:\/\/equipapet.com.br\/website\/wp-json\/wp\/v2\/types\/product"}],"wp:featuredmedia":[{"embeddable":true,"href":"https:\/\/equipapet.com.br\/website\/wp-json\/wp\/v2\/media\/5585"}],"wp:attachment":[{"href":"https:\/\/equipapet.com.br\/website\/wp-json\/wp\/v2\/media?parent=5584"}],"wp:term":[{"taxonomy":"product_cat","embeddable":true,"href":"https:\/\/equipapet.com.br\/website\/wp-json\/wp\/v2\/product_cat?post=5584"},{"taxonomy":"product_tag","embeddable":true,"href":"https:\/\/equipapet.com.br\/website\/wp-json\/wp\/v2\/product_tag?post=5584"}],"curies":[{"name":"wp","href":"https:\/\/api.w.org\/{rel}","templated":true}]}}