{"id":5586,"date":"2017-09-12T22:14:03","date_gmt":"2017-09-13T01:14:03","guid":{"rendered":"http:\/\/www.equipapet.com.br\/site\/?post_type=product&#038;p=5586"},"modified":"2025-06-20T13:42:46","modified_gmt":"2025-06-20T16:42:46","slug":"armario-grande-em-mdf-cod-mv-0025","status":"publish","type":"product","link":"https:\/\/equipapet.com.br\/website\/product\/armario-grande-em-mdf-cod-mv-0025\/","title":{"rendered":"ARM\u00c1RIO EM F\u00d3RMICA GRANDE"},"content":{"rendered":"<p>Medidas: (CxLxA) 65x40x190cm. MDF na cor branco; Porta superior em vidro com uma prateleira de vidro; tr\u00eas gavetas, a primeira com divis\u00f3rias e porta inferior com uma prateleira de MDF. P\u00e9s em a\u00e7o Inoxid\u00e1vel. 5x40cm.<\/p>\n<p>PARA COMPRA OU ORCAMENTO , BASTA NOS ENVIAR POR EMAIL \u00a0contato@equipapet.com.br<\/p>\n<p>OBRIGADA.<\/p>\n","protected":false},"excerpt":{"rendered":"<p>Medidas: (CxLxA) 65x40x190cm. MDF na cor branco; Porta superior em vidro com uma prateleira de vidro; tr\u00eas gavetas, a primeira<\/p>\n","protected":false},"featured_media":6382,"template":"","meta":[],"product_cat":[739],"product_tag":[],"class_list":{"0":"post-5586","1":"product","2":"type-product","3":"status-publish","4":"has-post-thumbnail","6":"product_cat-clinica-veterinaria","8":"first","9":"instock","10":"shipping-taxable","11":"purchasable","12":"product-type-simple"},"_links":{"self":[{"href":"https:\/\/equipapet.com.br\/website\/wp-json\/wp\/v2\/product\/5586","targetHints":{"allow":["GET"]}}],"collection":[{"href":"https:\/\/equipapet.com.br\/website\/wp-json\/wp\/v2\/product"}],"about":[{"href":"https:\/\/equipapet.com.br\/website\/wp-json\/wp\/v2\/types\/product"}],"wp:featuredmedia":[{"embeddable":true,"href":"https:\/\/equipapet.com.br\/website\/wp-json\/wp\/v2\/media\/6382"}],"wp:attachment":[{"href":"https:\/\/equipapet.com.br\/website\/wp-json\/wp\/v2\/media?parent=5586"}],"wp:term":[{"taxonomy":"product_cat","embeddable":true,"href":"https:\/\/equipapet.com.br\/website\/wp-json\/wp\/v2\/product_cat?post=5586"},{"taxonomy":"product_tag","embeddable":true,"href":"https:\/\/equipapet.com.br\/website\/wp-json\/wp\/v2\/product_tag?post=5586"}],"curies":[{"name":"wp","href":"https:\/\/api.w.org\/{rel}","templated":true}]}}