{"id":5592,"date":"2017-09-12T22:32:35","date_gmt":"2017-09-13T01:32:35","guid":{"rendered":"http:\/\/www.equipapet.com.br\/site\/?post_type=product&#038;p=5592"},"modified":"2025-06-20T13:56:48","modified_gmt":"2025-06-20T16:56:48","slug":"balde-a-chute-cod-mv-040","status":"publish","type":"product","link":"https:\/\/equipapet.com.br\/website\/product\/balde-a-chute-cod-mv-040\/","title":{"rendered":"BALDE A CHUTE"},"content":{"rendered":"<p>Em alum\u00ednio com capacidade para tr\u00eas litros; estrutura em a\u00e7o inoxid\u00e1vel com rod\u00edzios girat\u00f3rios.<\/p>\n<p>&nbsp;<\/p>\n","protected":false},"excerpt":{"rendered":"<p>Em alum\u00ednio com capacidade para tr\u00eas litros; estrutura em a\u00e7o inoxid\u00e1vel com rod\u00edzios girat\u00f3rios. &nbsp;<\/p>\n","protected":false},"featured_media":5593,"template":"","meta":[],"product_cat":[739,782],"product_tag":[],"class_list":{"0":"post-5592","1":"product","2":"type-product","3":"status-publish","4":"has-post-thumbnail","6":"product_cat-clinica-veterinaria","7":"product_cat-moveis","9":"first","10":"instock","11":"shipping-taxable","12":"purchasable","13":"product-type-simple"},"_links":{"self":[{"href":"https:\/\/equipapet.com.br\/website\/wp-json\/wp\/v2\/product\/5592","targetHints":{"allow":["GET"]}}],"collection":[{"href":"https:\/\/equipapet.com.br\/website\/wp-json\/wp\/v2\/product"}],"about":[{"href":"https:\/\/equipapet.com.br\/website\/wp-json\/wp\/v2\/types\/product"}],"wp:featuredmedia":[{"embeddable":true,"href":"https:\/\/equipapet.com.br\/website\/wp-json\/wp\/v2\/media\/5593"}],"wp:attachment":[{"href":"https:\/\/equipapet.com.br\/website\/wp-json\/wp\/v2\/media?parent=5592"}],"wp:term":[{"taxonomy":"product_cat","embeddable":true,"href":"https:\/\/equipapet.com.br\/website\/wp-json\/wp\/v2\/product_cat?post=5592"},{"taxonomy":"product_tag","embeddable":true,"href":"https:\/\/equipapet.com.br\/website\/wp-json\/wp\/v2\/product_tag?post=5592"}],"curies":[{"name":"wp","href":"https:\/\/api.w.org\/{rel}","templated":true}]}}