{"id":5594,"date":"2017-09-12T22:42:41","date_gmt":"2017-09-13T01:42:41","guid":{"rendered":"http:\/\/www.equipapet.com.br\/site\/?post_type=product&#038;p=5594"},"modified":"2025-06-20T13:58:34","modified_gmt":"2025-06-20T16:58:34","slug":"bandeja-de-mayo-auxiliar-mesa-cod-mvi-0011","status":"publish","type":"product","link":"https:\/\/equipapet.com.br\/website\/product\/bandeja-de-mayo-auxiliar-mesa-cod-mvi-0011\/","title":{"rendered":"BANDEJA  AUXILIAR PARA MESA"},"content":{"rendered":"<p>Medidas da bandeja: (CxLA) 40x30x2cm \u2013 Estrutura em a\u00e7o inoxid\u00e1vel com regulagem de altura; man\u00edpola para fixar em mesa ou bancada.<\/p>\n<p>Somos Representante Metalvet<\/p>\n<p>Os produtos da metalvet seguem a mesma pol\u00edtica da fabrica, tendo o mesmo pre\u00e7o e sem frete gr\u00e1tis.<\/p>\n<p>PARA COMPRA OU ORCAMENTO , BASTA NOS ENVIAR POR EMAIL \u00a0contato@equipapet.com.br<\/p>\n<p>OBRIGADA.<\/p>\n","protected":false},"excerpt":{"rendered":"<p>Medidas da bandeja: (CxLA) 40x30x2cm \u2013 Estrutura em a\u00e7o inoxid\u00e1vel com regulagem de altura; man\u00edpola para fixar em mesa ou<\/p>\n","protected":false},"featured_media":5595,"template":"","meta":[],"product_cat":[739,779],"product_tag":[],"class_list":{"0":"post-5594","1":"product","2":"type-product","3":"status-publish","4":"has-post-thumbnail","6":"product_cat-clinica-veterinaria","7":"product_cat-inox","9":"first","10":"instock","11":"shipping-taxable","12":"purchasable","13":"product-type-simple"},"_links":{"self":[{"href":"https:\/\/equipapet.com.br\/website\/wp-json\/wp\/v2\/product\/5594","targetHints":{"allow":["GET"]}}],"collection":[{"href":"https:\/\/equipapet.com.br\/website\/wp-json\/wp\/v2\/product"}],"about":[{"href":"https:\/\/equipapet.com.br\/website\/wp-json\/wp\/v2\/types\/product"}],"wp:featuredmedia":[{"embeddable":true,"href":"https:\/\/equipapet.com.br\/website\/wp-json\/wp\/v2\/media\/5595"}],"wp:attachment":[{"href":"https:\/\/equipapet.com.br\/website\/wp-json\/wp\/v2\/media?parent=5594"}],"wp:term":[{"taxonomy":"product_cat","embeddable":true,"href":"https:\/\/equipapet.com.br\/website\/wp-json\/wp\/v2\/product_cat?post=5594"},{"taxonomy":"product_tag","embeddable":true,"href":"https:\/\/equipapet.com.br\/website\/wp-json\/wp\/v2\/product_tag?post=5594"}],"curies":[{"name":"wp","href":"https:\/\/api.w.org\/{rel}","templated":true}]}}