{"id":5650,"date":"2017-09-17T10:26:58","date_gmt":"2017-09-17T13:26:58","guid":{"rendered":"http:\/\/www.equipapet.com.br\/site\/?post_type=product&#038;p=5650"},"modified":"2025-06-20T14:05:02","modified_gmt":"2025-06-20T17:05:02","slug":"calha-cirurgica-pequena","status":"publish","type":"product","link":"https:\/\/equipapet.com.br\/website\/product\/calha-cirurgica-pequena\/","title":{"rendered":"CALHA CIR\u00daRGICA PEQUENA"},"content":{"rendered":"<p>Medidas: (CxLxA) 60x27x12cm. Tampo em formato \u201cU\u201d em a\u00e7o inoxid\u00e1vel com furos para amarra\u00e7\u00e3o. Estrutura em ferro zincado com ponteiras de borracha.<\/p>\n<p>Somos Representante Metalvet<\/p>\n<p>Os produtos da metalvet seguem a mesma pol\u00edtica da fabrica, tendo o mesmo pre\u00e7o e sem frete gr\u00e1tis.<\/p>\n<p>PARA COMPRA OU ORCAMENTO , BASTA NOS ENVIAR POR EMAIL \u00a0contato@equipapet.com.br<\/p>\n<p>OBRIGADA.<\/p>\n","protected":false},"excerpt":{"rendered":"<p>Medidas: (CxLxA) 60x27x12cm. Tampo em formato \u201cU\u201d em a\u00e7o inoxid\u00e1vel com furos para amarra\u00e7\u00e3o. Estrutura em ferro zincado com ponteiras<\/p>\n","protected":false},"featured_media":5651,"template":"","meta":[],"product_cat":[739],"product_tag":[],"class_list":{"0":"post-5650","1":"product","2":"type-product","3":"status-publish","4":"has-post-thumbnail","6":"product_cat-clinica-veterinaria","8":"first","9":"instock","10":"shipping-taxable","11":"purchasable","12":"product-type-simple"},"_links":{"self":[{"href":"https:\/\/equipapet.com.br\/website\/wp-json\/wp\/v2\/product\/5650","targetHints":{"allow":["GET"]}}],"collection":[{"href":"https:\/\/equipapet.com.br\/website\/wp-json\/wp\/v2\/product"}],"about":[{"href":"https:\/\/equipapet.com.br\/website\/wp-json\/wp\/v2\/types\/product"}],"wp:featuredmedia":[{"embeddable":true,"href":"https:\/\/equipapet.com.br\/website\/wp-json\/wp\/v2\/media\/5651"}],"wp:attachment":[{"href":"https:\/\/equipapet.com.br\/website\/wp-json\/wp\/v2\/media?parent=5650"}],"wp:term":[{"taxonomy":"product_cat","embeddable":true,"href":"https:\/\/equipapet.com.br\/website\/wp-json\/wp\/v2\/product_cat?post=5650"},{"taxonomy":"product_tag","embeddable":true,"href":"https:\/\/equipapet.com.br\/website\/wp-json\/wp\/v2\/product_tag?post=5650"}],"curies":[{"name":"wp","href":"https:\/\/api.w.org\/{rel}","templated":true}]}}