{"id":5700,"date":"2017-09-18T15:54:23","date_gmt":"2017-09-18T18:54:23","guid":{"rendered":"http:\/\/www.equipapet.com.br\/site\/?post_type=product&#038;p=5700"},"modified":"2025-06-20T14:07:35","modified_gmt":"2025-06-20T17:07:35","slug":"canil-em-aco-inoxidavel-para-8-animais","status":"publish","type":"product","link":"https:\/\/equipapet.com.br\/website\/product\/canil-em-aco-inoxidavel-para-8-animais\/","title":{"rendered":"CANIL EM A\u00c7O INOXID\u00c1VEL PARA 8 ANIMAIS"},"content":{"rendered":"<p>Medida total: (AxCxL) 210x120x60cm. Composto por tr\u00eas m\u00f3dulos sobrepostos: M\u00f3dulo Grande (CxLxA) 120x60x90cm com rodas de 3\u201d; M\u00f3dulo Triplo grande com encaixe (CxLxA) 120x60x60cm. Divis\u00f3rias, grelhas e bandejas remov\u00edveis. Fechadura americana<\/p>\n<p>Somos Representante Metalvet<\/p>\n<p>Os produtos da metalvet seguem a mesma pol\u00edtica da fabrica, tendo o mesmo pre\u00e7o e sem frete gr\u00e1tis.<\/p>\n<p>PARA COMPRA OU ORCAMENTO , BASTA NOS ENVIAR POR EMAIL \u00a0contato@equipapet.com.br<\/p>\n<p>OBRIGADA.<\/p>\n","protected":false},"excerpt":{"rendered":"<p>Medida total: (AxCxL) 210x120x60cm. Composto por tr\u00eas m\u00f3dulos sobrepostos: M\u00f3dulo Grande (CxLxA) 120x60x90cm com rodas de 3\u201d; M\u00f3dulo Triplo grande<\/p>\n","protected":false},"featured_media":5701,"template":"","meta":[],"product_cat":[797,739,779],"product_tag":[],"class_list":{"0":"post-5700","1":"product","2":"type-product","3":"status-publish","4":"has-post-thumbnail","6":"product_cat-uncategorized","7":"product_cat-clinica-veterinaria","8":"product_cat-inox","10":"first","11":"instock","12":"shipping-taxable","13":"purchasable","14":"product-type-simple"},"_links":{"self":[{"href":"https:\/\/equipapet.com.br\/website\/wp-json\/wp\/v2\/product\/5700","targetHints":{"allow":["GET"]}}],"collection":[{"href":"https:\/\/equipapet.com.br\/website\/wp-json\/wp\/v2\/product"}],"about":[{"href":"https:\/\/equipapet.com.br\/website\/wp-json\/wp\/v2\/types\/product"}],"wp:featuredmedia":[{"embeddable":true,"href":"https:\/\/equipapet.com.br\/website\/wp-json\/wp\/v2\/media\/5701"}],"wp:attachment":[{"href":"https:\/\/equipapet.com.br\/website\/wp-json\/wp\/v2\/media?parent=5700"}],"wp:term":[{"taxonomy":"product_cat","embeddable":true,"href":"https:\/\/equipapet.com.br\/website\/wp-json\/wp\/v2\/product_cat?post=5700"},{"taxonomy":"product_tag","embeddable":true,"href":"https:\/\/equipapet.com.br\/website\/wp-json\/wp\/v2\/product_tag?post=5700"}],"curies":[{"name":"wp","href":"https:\/\/api.w.org\/{rel}","templated":true}]}}