{"id":5721,"date":"2017-09-18T18:26:13","date_gmt":"2017-09-18T21:26:13","guid":{"rendered":"http:\/\/www.equipapet.com.br\/site\/?post_type=product&#038;p=5721"},"modified":"2023-04-03T19:34:26","modified_gmt":"2023-04-03T22:34:26","slug":"gaiola-para-contencao-de-gatos","status":"publish","type":"product","link":"https:\/\/equipapet.com.br\/website\/product\/gaiola-para-contencao-de-gatos\/","title":{"rendered":"GAIOLA PARA CONTEN\u00c7\u00c3O DE GATOS"},"content":{"rendered":"<div class=\"container\">\n<div class=\"container-inner\">\n<div class=\"main-container col1-layout\">\n<div class=\"main\">\n<div class=\"col-main\">\n<div class=\"product-view\">\n<div class=\"product-collateral\">\n<div id=\"product_tabs_description_contents\" class=\"product-tabs-content\">\n<div class=\"std\">\n<p>Medidas (CxLxA): 46x26x28cm &#8211; Em ferro com pintura eletrost\u00e1tica na cor branca; bandeja em a\u00e7o inoxid\u00e1vel remov\u00edvel; porta lateral e frontais para medica\u00e7\u00e3o<\/p>\n<\/div>\n<\/div>\n<\/div>\n<\/div>\n<\/div>\n<\/div>\n<\/div>\n<\/div>\n<\/div>\n<p>A Equipapet \u00e9 uma empresa especializada em\u00a0<b>equipamentos veterin\u00e1rios<\/b>. com vasta experi\u00eancia no setor, surgiu no intuito de ser refer\u00eancia no mercado de atua\u00e7\u00e3o e vem ganhando cada vez mais espa\u00e7o na \u00e1rea de\u00a0<b>Equipamentos Veterin\u00e1rios<\/b>\u00a0e\u00a0<b>Produtos Veterin\u00e1rios<\/b>\u00a0relacionados a montar\u00a0<b>Consult\u00f3rios Veterin\u00e1rios<\/b>,\u00a0<b>Cl\u00ednicas Veterin\u00e1rias<\/b>\u00a0e<b>\u00a0Hospitais Veterin\u00e1rios.<\/b><\/p>\n<p>&nbsp;<\/p>\n<p>&nbsp;<\/p>\n<p>Contamos com profissionais treinados e experientes\u00a0para dar todo o suporte para a melhor escolha al\u00e9m de acompanhar o veterin\u00e1rio em sua vida profissional e no dia-a-dia dando suporte no que precisar.<\/p>\n<p>&nbsp;<\/p>\n<p>Conhe\u00e7a nossos produtos, buscamos oferecer sempre a melhor solu\u00e7\u00e3o para sua cl\u00ednica veterin\u00e1ria.<\/p>\n","protected":false},"excerpt":{"rendered":"<p>Medidas (CxLxA): 46x26x28cm &#8211; Em ferro com pintura eletrost\u00e1tica na cor branca; bandeja em a\u00e7o inoxid\u00e1vel remov\u00edvel; porta lateral e<\/p>\n","protected":false},"featured_media":5722,"template":"","meta":[],"product_cat":[740,739,779,782],"product_tag":[],"class_list":{"0":"post-5721","1":"product","2":"type-product","3":"status-publish","4":"has-post-thumbnail","6":"product_cat-banho-tosa","7":"product_cat-clinica-veterinaria","8":"product_cat-inox","9":"product_cat-moveis","11":"first","12":"instock","13":"shipping-taxable","14":"purchasable","15":"product-type-simple"},"_links":{"self":[{"href":"https:\/\/equipapet.com.br\/website\/wp-json\/wp\/v2\/product\/5721","targetHints":{"allow":["GET"]}}],"collection":[{"href":"https:\/\/equipapet.com.br\/website\/wp-json\/wp\/v2\/product"}],"about":[{"href":"https:\/\/equipapet.com.br\/website\/wp-json\/wp\/v2\/types\/product"}],"wp:featuredmedia":[{"embeddable":true,"href":"https:\/\/equipapet.com.br\/website\/wp-json\/wp\/v2\/media\/5722"}],"wp:attachment":[{"href":"https:\/\/equipapet.com.br\/website\/wp-json\/wp\/v2\/media?parent=5721"}],"wp:term":[{"taxonomy":"product_cat","embeddable":true,"href":"https:\/\/equipapet.com.br\/website\/wp-json\/wp\/v2\/product_cat?post=5721"},{"taxonomy":"product_tag","embeddable":true,"href":"https:\/\/equipapet.com.br\/website\/wp-json\/wp\/v2\/product_tag?post=5721"}],"curies":[{"name":"wp","href":"https:\/\/api.w.org\/{rel}","templated":true}]}}