{"id":5850,"date":"2017-09-30T19:08:06","date_gmt":"2017-09-30T22:08:06","guid":{"rendered":"http:\/\/www.equipapet.com.br\/site\/?post_type=product&#038;p=5850"},"modified":"2026-01-27T13:24:28","modified_gmt":"2026-01-27T16:24:28","slug":"mesa-de-atendimento-em-inox","status":"publish","type":"product","link":"https:\/\/equipapet.com.br\/website\/product\/mesa-de-atendimento-em-inox\/","title":{"rendered":"MESA DE ATENDIMENTO EM INOX"},"content":{"rendered":"<p><em><strong>Mesa de Atendimento\u00a0<\/strong><\/em><\/p>\n<p><em><strong>\u00a0<\/strong><\/em><strong>Tampo e chapa em a\u00e7o inox, com vincos e furo para escoamento de l\u00edquidos isento de borra de solda para obstru\u00e7\u00e3o da passagem do liquido.<\/strong><\/p>\n<p><strong>P\u00e9s tubo grosso 1 1\/2 totalmente em a\u00e7o inox com acabamento primordial sem amassar o tubo,proporcionando mais fixa\u00e7\u00e3o diminuindo o balan\u00e7o da mesa.Ponteiras de borracha anti derrapantes.<\/strong><\/p>\n<p><strong>cantos do tampo soldado.<\/strong><\/p>\n<p><strong>Suporte de soro em tubo quadrado(pois o redondo pode vir tombar)sistema eficaz de trava em 5 escala sem a necessidade de aperto .Conten\u00e7\u00e3o lateral em inox para amarra.<\/strong><\/p>\n<p><strong>Balde de aluminio c\u00f4nico para 5 litros.<\/strong><\/p>\n<p><strong>Medidas: 90 x 1,20 x 70m (alt x comp x lar).<\/strong><\/p>\n<p>A Equipapet \u00e9 uma empresa especializada em\u00a0<b>equipamentos veterin\u00e1rios<\/b>. com vasta experi\u00eancia no setor, surgiu no intuito de ser refer\u00eancia no mercado de atua\u00e7\u00e3o e vem ganhando cada vez mais espa\u00e7o na \u00e1rea de\u00a0<b>Equipamentos Veterin\u00e1rios<\/b>\u00a0e\u00a0<b>Produtos Veterin\u00e1rios<\/b>\u00a0relacionados a montar\u00a0<b>Consult\u00f3rios Veterin\u00e1rios<\/b>,\u00a0<b>Cl\u00ednicas Veterin\u00e1rias<\/b>\u00a0e<b>\u00a0Hospitais Veterin\u00e1rios.<\/b><\/p>\n<p>&nbsp;<\/p>\n<p>&nbsp;<\/p>\n<p>Contamos com profissionais treinados e experientes\u00a0para dar todo o suporte para a melhor escolha al\u00e9m de acompanhar o veterin\u00e1rio em sua vida profissional e no dia-a-dia dando suporte no que precisar.<\/p>\n<p>&nbsp;<\/p>\n<p>Conhe\u00e7a nossos produtos, buscamos oferecer sempre a melhor solu\u00e7\u00e3o para sua cl\u00ednica veterin\u00e1ria.<\/p>\n<p>&nbsp;<\/p>\n","protected":false},"excerpt":{"rendered":"<p>Mesa de Atendimento\u00a0 \u00a0Tampo e chapa em a\u00e7o inox, com vincos e furo para escoamento de l\u00edquidos isento de borra<\/p>\n","protected":false},"featured_media":5851,"template":"","meta":[],"product_cat":[739,779,782,763,767],"product_tag":[],"class_list":{"0":"post-5850","1":"product","2":"type-product","3":"status-publish","4":"has-post-thumbnail","6":"product_cat-clinica-veterinaria","7":"product_cat-inox","8":"product_cat-moveis","9":"product_cat-promocao","10":"product_cat-pronta-entrega","12":"first","13":"instock","14":"sale","15":"shipping-taxable","16":"purchasable","17":"product-type-simple"},"_links":{"self":[{"href":"https:\/\/equipapet.com.br\/website\/wp-json\/wp\/v2\/product\/5850","targetHints":{"allow":["GET"]}}],"collection":[{"href":"https:\/\/equipapet.com.br\/website\/wp-json\/wp\/v2\/product"}],"about":[{"href":"https:\/\/equipapet.com.br\/website\/wp-json\/wp\/v2\/types\/product"}],"wp:featuredmedia":[{"embeddable":true,"href":"https:\/\/equipapet.com.br\/website\/wp-json\/wp\/v2\/media\/5851"}],"wp:attachment":[{"href":"https:\/\/equipapet.com.br\/website\/wp-json\/wp\/v2\/media?parent=5850"}],"wp:term":[{"taxonomy":"product_cat","embeddable":true,"href":"https:\/\/equipapet.com.br\/website\/wp-json\/wp\/v2\/product_cat?post=5850"},{"taxonomy":"product_tag","embeddable":true,"href":"https:\/\/equipapet.com.br\/website\/wp-json\/wp\/v2\/product_tag?post=5850"}],"curies":[{"name":"wp","href":"https:\/\/api.w.org\/{rel}","templated":true}]}}