{"id":5907,"date":"2017-09-30T22:42:50","date_gmt":"2017-10-01T01:42:50","guid":{"rendered":"http:\/\/www.equipapet.com.br\/site\/?post_type=product&#038;p=5907"},"modified":"2025-06-20T14:34:57","modified_gmt":"2025-06-20T17:34:57","slug":"mesa-de-parede-inox-ref-cmm","status":"publish","type":"product","link":"https:\/\/equipapet.com.br\/website\/product\/mesa-de-parede-inox-ref-cmm\/","title":{"rendered":"MESA DE PAREDE INOX"},"content":{"rendered":"<p>Mesa de Parede tampo em madeira revestido em a\u00e7o inoxid\u00e1vel.<\/p>\n<p>Estrutura em a\u00e7o inox\u00edd\u00e1vel.<\/p>\n<p>Suporte com furo para fixar na parede.<\/p>\n<p>M\u00e3o\u00a0 francesa dobr\u00e1vel para possibilitar dobrar verticalmente.<\/p>\n<p>Medida Comp 090 x Larg 060<\/p>\n<p>A Equipapet \u00e9 uma empresa especializada em\u00a0<b>equipamentos veterin\u00e1rios<\/b>. com vasta experi\u00eancia no setor, surgiu no intuito de ser refer\u00eancia no mercado de atua\u00e7\u00e3o e vem ganhando cada vez mais espa\u00e7o na \u00e1rea de\u00a0<b>Equipamentos Veterin\u00e1rios<\/b>\u00a0e\u00a0<b>Produtos Veterin\u00e1rios<\/b>\u00a0relacionados a montar\u00a0<b>Consult\u00f3rios Veterin\u00e1rios<\/b>,\u00a0<b>Cl\u00ednicas Veterin\u00e1rias<\/b>\u00a0e<b>\u00a0Hospitais Veterin\u00e1rios.<\/b><\/p>\n<p>&nbsp;<\/p>\n<p>Contamos com profissionais treinados e experientes\u00a0para dar todo o suporte para a melhor escolha al\u00e9m de acompanhar o veterin\u00e1rio em sua vida profissional e no dia-a-dia dando suporte no que precisar.<\/p>\n<p>&nbsp;<\/p>\n<p>Conhe\u00e7a nossos produtos, buscamos oferecer sempre a melhor solu\u00e7\u00e3o para sua cl\u00ednica veterin\u00e1ria.<\/p>\n","protected":false},"excerpt":{"rendered":"<p>Mesa de Parede tampo em madeira revestido em a\u00e7o inoxid\u00e1vel. Estrutura em a\u00e7o inox\u00edd\u00e1vel. Suporte com furo para fixar na<\/p>\n","protected":false},"featured_media":5908,"template":"","meta":[],"product_cat":[739,782],"product_tag":[],"class_list":{"0":"post-5907","1":"product","2":"type-product","3":"status-publish","4":"has-post-thumbnail","6":"product_cat-clinica-veterinaria","7":"product_cat-moveis","9":"first","10":"instock","11":"shipping-taxable","12":"purchasable","13":"product-type-simple"},"_links":{"self":[{"href":"https:\/\/equipapet.com.br\/website\/wp-json\/wp\/v2\/product\/5907","targetHints":{"allow":["GET"]}}],"collection":[{"href":"https:\/\/equipapet.com.br\/website\/wp-json\/wp\/v2\/product"}],"about":[{"href":"https:\/\/equipapet.com.br\/website\/wp-json\/wp\/v2\/types\/product"}],"wp:featuredmedia":[{"embeddable":true,"href":"https:\/\/equipapet.com.br\/website\/wp-json\/wp\/v2\/media\/5908"}],"wp:attachment":[{"href":"https:\/\/equipapet.com.br\/website\/wp-json\/wp\/v2\/media?parent=5907"}],"wp:term":[{"taxonomy":"product_cat","embeddable":true,"href":"https:\/\/equipapet.com.br\/website\/wp-json\/wp\/v2\/product_cat?post=5907"},{"taxonomy":"product_tag","embeddable":true,"href":"https:\/\/equipapet.com.br\/website\/wp-json\/wp\/v2\/product_tag?post=5907"}],"curies":[{"name":"wp","href":"https:\/\/api.w.org\/{rel}","templated":true}]}}