{"id":5927,"date":"2017-10-02T16:22:32","date_gmt":"2017-10-02T19:22:32","guid":{"rendered":"http:\/\/www.equipapet.com.br\/site\/?post_type=product&#038;p=5927"},"modified":"2025-06-13T15:05:34","modified_gmt":"2025-06-13T18:05:34","slug":"canil-em-modulos-para-7-animais-pintado","status":"publish","type":"product","link":"https:\/\/equipapet.com.br\/website\/product\/canil-em-modulos-para-7-animais-pintado\/","title":{"rendered":"CANIL EM M\u00d3DULOS PARA 7 ANIMAIS PINTADO"},"content":{"rendered":"<p>Canil \u00a0com tres modulos sobrepostos,<\/p>\n<p>sendo 1 grande com rodas, 1 pequeno e 1 triplo com encaixe,somando a capacidade<\/p>\n<p>total de ate 7 animais.Divisorias centrais em chapa fechada,tela e bandeja inferiores em<\/p>\n<p>a\u00e7o carbono refor\u00e7adas e removiveis.<\/p>\n<p>Fechadura tipo americana.<\/p>\n<p>Medida total: 180x120x0,55cm<\/p>\n<p>Modulo grande com rodizios:0,80x120x0,55cm<\/p>\n<p>Modulo pequeno com encaixe:0,55x120x0,60cm<\/p>\n<p>Modulo triplo superior com encaixe:0,45x120x0,55cm<\/p>\n<p>*Modulos tambem vendidos separadamente.<\/p>\n<p>A Equipapet \u00e9 uma empresa especializada em\u00a0<b>equipamentos veterin\u00e1rios<\/b>. com vasta experi\u00eancia no setor, surgiu no intuito de ser refer\u00eancia no mercado de atua\u00e7\u00e3o e vem ganhando cada vez mais espa\u00e7o na \u00e1rea de\u00a0<b>Equipamentos Veterin\u00e1rios<\/b>\u00a0e\u00a0<b>Produtos Veterin\u00e1rios<\/b>\u00a0relacionados a montar\u00a0<b>Consult\u00f3rios Veterin\u00e1rios<\/b>,\u00a0<b>Cl\u00ednicas Veterin\u00e1rias<\/b>\u00a0e<b>\u00a0Hospitais Veterin\u00e1rios.<\/b><\/p>\n<p>&nbsp;<\/p>\n<p>Contamos com profissionais treinados e experientes\u00a0para dar todo o suporte para a melhor escolha al\u00e9m de acompanhar o veterin\u00e1rio em sua vida profissional e no dia-a-dia dando suporte no que precisar.<\/p>\n<p>&nbsp;<\/p>\n<p>Conhe\u00e7a nossos produtos, buscamos oferecer sempre a melhor solu\u00e7\u00e3o para sua cl\u00ednica veterin\u00e1ria.<\/p>\n","protected":false},"excerpt":{"rendered":"<p>Canil \u00a0com tres modulos sobrepostos, sendo 1 grande com rodas, 1 pequeno e 1 triplo com encaixe,somando a capacidade total<\/p>\n","protected":false},"featured_media":5928,"template":"","meta":[],"product_cat":[740,739,782],"product_tag":[],"class_list":{"0":"post-5927","1":"product","2":"type-product","3":"status-publish","4":"has-post-thumbnail","6":"product_cat-banho-tosa","7":"product_cat-clinica-veterinaria","8":"product_cat-moveis","10":"first","11":"instock","12":"shipping-taxable","13":"purchasable","14":"product-type-simple"},"_links":{"self":[{"href":"https:\/\/equipapet.com.br\/website\/wp-json\/wp\/v2\/product\/5927","targetHints":{"allow":["GET"]}}],"collection":[{"href":"https:\/\/equipapet.com.br\/website\/wp-json\/wp\/v2\/product"}],"about":[{"href":"https:\/\/equipapet.com.br\/website\/wp-json\/wp\/v2\/types\/product"}],"wp:featuredmedia":[{"embeddable":true,"href":"https:\/\/equipapet.com.br\/website\/wp-json\/wp\/v2\/media\/5928"}],"wp:attachment":[{"href":"https:\/\/equipapet.com.br\/website\/wp-json\/wp\/v2\/media?parent=5927"}],"wp:term":[{"taxonomy":"product_cat","embeddable":true,"href":"https:\/\/equipapet.com.br\/website\/wp-json\/wp\/v2\/product_cat?post=5927"},{"taxonomy":"product_tag","embeddable":true,"href":"https:\/\/equipapet.com.br\/website\/wp-json\/wp\/v2\/product_tag?post=5927"}],"curies":[{"name":"wp","href":"https:\/\/api.w.org\/{rel}","templated":true}]}}