{"id":5929,"date":"2017-10-02T16:25:03","date_gmt":"2017-10-02T19:25:03","guid":{"rendered":"http:\/\/www.equipapet.com.br\/site\/?post_type=product&#038;p=5929"},"modified":"2025-06-13T15:04:56","modified_gmt":"2025-06-13T18:04:56","slug":"canil-em-modulo-para-6-animais-em-inox","status":"publish","type":"product","link":"https:\/\/equipapet.com.br\/website\/product\/canil-em-modulo-para-6-animais-em-inox\/","title":{"rendered":"CANIL EM M\u00d3DULO PARA 6 ANIMAIS EM INOX"},"content":{"rendered":"<p>Em a\u00e7o inoxidavel 304,emformato de cuba,contendo teto,laterais,fundo e ch\u00e3o.eliminando o vazamento de liquido ao vizinho de baixo,com tr\u00eas modulos sobrepostos,sendo 1 grande,2 pequeno ,somando a capacidade total de\u00a06 animais.<\/p>\n<p>Divisorias centrais em chapas fechadas,piso e bandeja inferior removives.<\/p>\n<p>Fechadura americana en a\u00e7o inox<\/p>\n<p class=\"buttonheading\">Medida total:185x120x0,60cm<\/p>\n<p>Modulo grande com rodizios em inox:0,80x120x0,60cm<\/p>\n<p>Modulo pequeno com encaixe:0,60x120x0,60cm<\/p>\n<p>A Equipapet \u00e9 uma empresa especializada em\u00a0<b>equipamentos veterin\u00e1rios<\/b>. com vasta experi\u00eancia no setor, surgiu no intuito de ser refer\u00eancia no mercado de atua\u00e7\u00e3o e vem ganhando cada vez mais espa\u00e7o na \u00e1rea de\u00a0<b>Equipamentos Veterin\u00e1rios<\/b>\u00a0e\u00a0<b>Produtos Veterin\u00e1rios<\/b>\u00a0relacionados a montar\u00a0<b>Consult\u00f3rios Veterin\u00e1rios<\/b>,\u00a0<b>Cl\u00ednicas Veterin\u00e1rias<\/b>\u00a0e<b>\u00a0Hospitais Veterin\u00e1rios.<\/b><\/p>\n<p>&nbsp;<\/p>\n<p>Contamos com profissionais treinados e experientes\u00a0para dar todo o suporte para a melhor escolha al\u00e9m de acompanhar o veterin\u00e1rio em sua vida profissional e no dia-a-dia dando suporte no que precisar.<\/p>\n<p>&nbsp;<\/p>\n<p>Conhe\u00e7a nossos produtos, buscamos oferecer sempre a melhor solu\u00e7\u00e3o para sua cl\u00ednica veterin\u00e1ria.<\/p>\n","protected":false},"excerpt":{"rendered":"<p>Em a\u00e7o inoxidavel 304,emformato de cuba,contendo teto,laterais,fundo e ch\u00e3o.eliminando o vazamento de liquido ao vizinho de baixo,com tr\u00eas modulos sobrepostos,sendo<\/p>\n","protected":false},"featured_media":5930,"template":"","meta":[],"product_cat":[740,739,779,782],"product_tag":[],"class_list":{"0":"post-5929","1":"product","2":"type-product","3":"status-publish","4":"has-post-thumbnail","6":"product_cat-banho-tosa","7":"product_cat-clinica-veterinaria","8":"product_cat-inox","9":"product_cat-moveis","11":"first","12":"instock","13":"shipping-taxable","14":"purchasable","15":"product-type-simple"},"_links":{"self":[{"href":"https:\/\/equipapet.com.br\/website\/wp-json\/wp\/v2\/product\/5929","targetHints":{"allow":["GET"]}}],"collection":[{"href":"https:\/\/equipapet.com.br\/website\/wp-json\/wp\/v2\/product"}],"about":[{"href":"https:\/\/equipapet.com.br\/website\/wp-json\/wp\/v2\/types\/product"}],"wp:featuredmedia":[{"embeddable":true,"href":"https:\/\/equipapet.com.br\/website\/wp-json\/wp\/v2\/media\/5930"}],"wp:attachment":[{"href":"https:\/\/equipapet.com.br\/website\/wp-json\/wp\/v2\/media?parent=5929"}],"wp:term":[{"taxonomy":"product_cat","embeddable":true,"href":"https:\/\/equipapet.com.br\/website\/wp-json\/wp\/v2\/product_cat?post=5929"},{"taxonomy":"product_tag","embeddable":true,"href":"https:\/\/equipapet.com.br\/website\/wp-json\/wp\/v2\/product_tag?post=5929"}],"curies":[{"name":"wp","href":"https:\/\/api.w.org\/{rel}","templated":true}]}}