{"id":5969,"date":"2017-10-19T18:07:24","date_gmt":"2017-10-19T20:07:24","guid":{"rendered":"http:\/\/www.equipapet.com.br\/site\/?post_type=product&#038;p=5969"},"modified":"2025-06-11T14:12:26","modified_gmt":"2025-06-11T17:12:26","slug":"clipmaster-tosquiadeira-de-equinos-e-bovinos-110v-1-velocidade","status":"publish","type":"product","link":"https:\/\/equipapet.com.br\/website\/product\/clipmaster-tosquiadeira-de-equinos-e-bovinos-110v-1-velocidade\/","title":{"rendered":"Tosquiadeira de Equinos e Bovinos"},"content":{"rendered":"<p><u>CLIPMASTER TOSQUIADEIRA DE EQUINOS E BOVINOS 22V 1 VELOCIDADE<\/u><\/p>\n<p>Este produto cont\u00e9m:<\/p>\n<p>&#8211; M\u00e1quina Pronta para Uso.<\/p>\n<p>&#8211; Acompanha Maleta Multi Uso.<\/p>\n<p>&#8211; Jogo de l\u00e2minas 83\/84 j\u00e1 instaladas.<\/p>\n<p>&#8211; Graxa<\/p>\n<p>&#8211; Arruela de Veda\u00e7\u00e3o<\/p>\n<p>&#8211; Tela de Ventila\u00e7\u00e3o<\/p>\n<p>&#8211; Escova para limpeza<\/p>\n<p><strong>Informa\u00e7\u00f5es:\u00a0<\/strong>Perfeita para qualquer tamanho do rebanho.\u00a0Para tosa de equinos, bovinos, cabras e lhamas.<\/p>\n<p><strong>Dados T\u00e9cnicos:<\/strong><\/p>\n<p>&#8211; Motor de 150 Watts de pot\u00eancia com Alta Velocidade de Corte.<\/p>\n<p>&#8211; Somente uma velocidade.<\/p>\n<p><strong>Garantia:\u00a0<\/strong>12 Meses<\/p>\n<p>*A cor pode variar conforme o modelo.<\/p>\n<p>Produto certificado pelo Inmetro.<\/p>\n<p>A Equipapet \u00e9 uma empresa especializada em\u00a0<b>equipamentos veterin\u00e1rios<\/b>. com vasta experi\u00eancia no setor, surgiu no intuito de ser refer\u00eancia no mercado de atua\u00e7\u00e3o e vem ganhando cada vez mais espa\u00e7o na \u00e1rea de\u00a0<b>Equipamentos Veterin\u00e1rios<\/b>\u00a0e\u00a0<b>Produtos Veterin\u00e1rios<\/b>\u00a0relacionados a montar\u00a0<b>Consult\u00f3rios Veterin\u00e1rios<\/b>,\u00a0<b>Cl\u00ednicas Veterin\u00e1rias<\/b>\u00a0e<b>\u00a0Hospitais Veterin\u00e1rios.<\/b><\/p>\n<p>&nbsp;<\/p>\n<p>Contamos com profissionais treinados e experientes\u00a0para dar todo o suporte para a melhor escolha al\u00e9m de acompanhar o veterin\u00e1rio em sua vida profissional e no dia-a-dia dando suporte no que precisar.<\/p>\n<p>&nbsp;<\/p>\n<p>Conhe\u00e7a nossos produtos, buscamos oferecer sempre a melhor solu\u00e7\u00e3o para sua cl\u00ednica veterin\u00e1ria.<\/p>\n<p><img decoding=\"async\" src=\"http:\/\/www.elevage.com.br\/img\/xselo_inmetro2.png.pagespeed.ic.CC8Yshkaz1.png\" alt=\"\" align=\"none\" data-pagespeed-url-hash=\"3945904153\" \/><\/p>\n<h5><\/h5>\n","protected":false},"excerpt":{"rendered":"<p>CLIPMASTER TOSQUIADEIRA DE EQUINOS E BOVINOS 22V 1 VELOCIDADE Este produto cont\u00e9m: &#8211; M\u00e1quina Pronta para Uso. &#8211; Acompanha Maleta<\/p>\n","protected":false},"featured_media":5970,"template":"","meta":[],"product_cat":[740,739],"product_tag":[],"class_list":{"0":"post-5969","1":"product","2":"type-product","3":"status-publish","4":"has-post-thumbnail","6":"product_cat-banho-tosa","7":"product_cat-clinica-veterinaria","9":"first","10":"instock","11":"shipping-taxable","12":"product-type-simple"},"_links":{"self":[{"href":"https:\/\/equipapet.com.br\/website\/wp-json\/wp\/v2\/product\/5969","targetHints":{"allow":["GET"]}}],"collection":[{"href":"https:\/\/equipapet.com.br\/website\/wp-json\/wp\/v2\/product"}],"about":[{"href":"https:\/\/equipapet.com.br\/website\/wp-json\/wp\/v2\/types\/product"}],"wp:featuredmedia":[{"embeddable":true,"href":"https:\/\/equipapet.com.br\/website\/wp-json\/wp\/v2\/media\/5970"}],"wp:attachment":[{"href":"https:\/\/equipapet.com.br\/website\/wp-json\/wp\/v2\/media?parent=5969"}],"wp:term":[{"taxonomy":"product_cat","embeddable":true,"href":"https:\/\/equipapet.com.br\/website\/wp-json\/wp\/v2\/product_cat?post=5969"},{"taxonomy":"product_tag","embeddable":true,"href":"https:\/\/equipapet.com.br\/website\/wp-json\/wp\/v2\/product_tag?post=5969"}],"curies":[{"name":"wp","href":"https:\/\/api.w.org\/{rel}","templated":true}]}}