{"id":5973,"date":"2017-10-25T16:12:33","date_gmt":"2017-10-25T18:12:33","guid":{"rendered":"http:\/\/www.equipapet.com.br\/site\/?post_type=product&#038;p=5973"},"modified":"2025-06-15T12:32:10","modified_gmt":"2025-06-15T15:32:10","slug":"ambu-grande","status":"publish","type":"product","link":"https:\/\/equipapet.com.br\/website\/product\/ambu-grande\/","title":{"rendered":"AMB\u00da DE SILICONE &#8211; ANESTESIA"},"content":{"rendered":"<p>Os reanimadores s\u00e3o fabricados em silicone autoclav\u00e1vel e oferecem efici\u00eancia em reanima\u00e7\u00e3o, qualidade e praticidade ao profissional que o manipula. \u00c9 indicado para ser utilizado como auxiliar a respira\u00e7\u00e3o artificial e reanima\u00e7\u00e3o cardiopulmonar, possibilitando sua utiliza\u00e7\u00e3o em pacientes que estejam com apneia ou para aumentar a ventila\u00e7\u00e3o e\/ou fornecer oxig\u00eanio a um paciente que esteja respirando espontaneamente.<\/p>\n<p>CARACTER\u00cdSTICAS DO PRODUTO<\/p>\n<p>Bal\u00e3o em silicone transl\u00facido autoclav\u00e1vel, nas op\u00e7\u00f5es: Adulto 1600ml \/ Infantil 500ml \/ Neonato 250ml; M\u00e1scara facial em silicone; V\u00e1lvula unidirecional (Bico de pato).<\/p>\n<p>A Equipapet \u00e9 uma empresa especializada em\u00a0<b>equipamentos veterin\u00e1rios<\/b>. com vasta experi\u00eancia no setor, surgiu no intuito de ser refer\u00eancia no mercado de atua\u00e7\u00e3o e vem ganhando cada vez mais espa\u00e7o na \u00e1rea de\u00a0<b>Equipamentos Veterin\u00e1rios<\/b>\u00a0e\u00a0<b>Produtos Veterin\u00e1rios<\/b>\u00a0relacionados a montar\u00a0<b>Consult\u00f3rios Veterin\u00e1rios<\/b>,\u00a0<b>Cl\u00ednicas Veterin\u00e1rias<\/b>\u00a0e<b>\u00a0Hospitais Veterin\u00e1rios.<\/b><\/p>\n<p>&nbsp;<\/p>\n<p>Contamos com profissionais treinados e experientes\u00a0para dar todo o suporte para a melhor escolha al\u00e9m de acompanhar o veterin\u00e1rio em sua vida profissional e no dia-a-dia dando suporte no que precisar.<\/p>\n<p>&nbsp;<\/p>\n<p>Conhe\u00e7a nossos produtos, buscamos oferecer sempre a melhor solu\u00e7\u00e3o para sua cl\u00ednica veterin\u00e1ria.<\/p>\n","protected":false},"excerpt":{"rendered":"<p>Os reanimadores s\u00e3o fabricados em silicone autoclav\u00e1vel e oferecem efici\u00eancia em reanima\u00e7\u00e3o, qualidade e praticidade ao profissional que o manipula.<\/p>\n","protected":false},"featured_media":6372,"template":"","meta":[],"product_cat":[776,739],"product_tag":[],"class_list":{"0":"post-5973","1":"product","2":"type-product","3":"status-publish","4":"has-post-thumbnail","6":"product_cat-anestesia","7":"product_cat-clinica-veterinaria","9":"first","10":"instock","11":"shipping-taxable","12":"purchasable","13":"product-type-simple"},"_links":{"self":[{"href":"https:\/\/equipapet.com.br\/website\/wp-json\/wp\/v2\/product\/5973","targetHints":{"allow":["GET"]}}],"collection":[{"href":"https:\/\/equipapet.com.br\/website\/wp-json\/wp\/v2\/product"}],"about":[{"href":"https:\/\/equipapet.com.br\/website\/wp-json\/wp\/v2\/types\/product"}],"wp:featuredmedia":[{"embeddable":true,"href":"https:\/\/equipapet.com.br\/website\/wp-json\/wp\/v2\/media\/6372"}],"wp:attachment":[{"href":"https:\/\/equipapet.com.br\/website\/wp-json\/wp\/v2\/media?parent=5973"}],"wp:term":[{"taxonomy":"product_cat","embeddable":true,"href":"https:\/\/equipapet.com.br\/website\/wp-json\/wp\/v2\/product_cat?post=5973"},{"taxonomy":"product_tag","embeddable":true,"href":"https:\/\/equipapet.com.br\/website\/wp-json\/wp\/v2\/product_tag?post=5973"}],"curies":[{"name":"wp","href":"https:\/\/api.w.org\/{rel}","templated":true}]}}