{"id":5996,"date":"2017-10-28T17:34:35","date_gmt":"2017-10-28T19:34:35","guid":{"rendered":"http:\/\/www.equipapet.com.br\/site\/?post_type=product&#038;p=5996"},"modified":"2025-06-15T12:39:53","modified_gmt":"2025-06-15T15:39:53","slug":"aparelho-para-anestesia-inalatoria-na-maleta-metalvet-plus","status":"publish","type":"product","link":"https:\/\/equipapet.com.br\/website\/product\/aparelho-para-anestesia-inalatoria-na-maleta-metalvet-plus\/","title":{"rendered":"APARELHO DE ANESTESIA INALAT\u00d3RIA NA MALETA &#8211; PLUS DL 740"},"content":{"rendered":"<p>Maleta Plastica &#8211; Acompanha: aspirador cir\u00fargico; m\u00e1scara respirat\u00f3ria veterin\u00e1ria; flux\u00f4metro; vaporizador universal; v\u00e1lvula pop-off; bal\u00e3o de dois litros; circuito paciente infantil em PVC; v\u00e1lvula inspirat\u00f3ria e expirat\u00f3ria; filtro valvular de 500ml.<\/p>\n<p>A Equipapet \u00e9 uma empresa especializada em\u00a0<b>equipamentos veterin\u00e1rios<\/b>. com vasta experi\u00eancia no setor, surgiu no intuito de ser refer\u00eancia no mercado de atua\u00e7\u00e3o e vem ganhando cada vez mais espa\u00e7o na \u00e1rea de\u00a0<b>Equipamentos Veterin\u00e1rios<\/b>\u00a0e\u00a0<b>Produtos Veterin\u00e1rios<\/b>\u00a0relacionados a montar\u00a0<b>Consult\u00f3rios Veterin\u00e1rios<\/b>,\u00a0<b>Cl\u00ednicas Veterin\u00e1rias<\/b>\u00a0e<b>\u00a0Hospitais Veterin\u00e1rios.<\/b><\/p>\n<p>&nbsp;<\/p>\n<p>&nbsp;<\/p>\n<p>Contamos com profissionais treinados e experientes\u00a0para dar todo o suporte para a melhor escolha al\u00e9m de acompanhar o veterin\u00e1rio em sua vida profissional e no dia-a-dia dando suporte no que precisar.<\/p>\n<p>&nbsp;<\/p>\n<p>Conhe\u00e7a nossos produtos, buscamos oferecer sempre a melhor solu\u00e7\u00e3o para sua cl\u00ednica veterin\u00e1ria.<\/p>\n","protected":false},"excerpt":{"rendered":"<p>Maleta Plastica &#8211; Acompanha: aspirador cir\u00fargico; m\u00e1scara respirat\u00f3ria veterin\u00e1ria; flux\u00f4metro; vaporizador universal; v\u00e1lvula pop-off; bal\u00e3o de dois litros; circuito paciente<\/p>\n","protected":false},"featured_media":6972,"template":"","meta":[],"product_cat":[776,739],"product_tag":[],"class_list":{"0":"post-5996","1":"product","2":"type-product","3":"status-publish","4":"has-post-thumbnail","6":"product_cat-anestesia","7":"product_cat-clinica-veterinaria","9":"first","10":"instock","11":"shipping-taxable","12":"purchasable","13":"product-type-simple"},"_links":{"self":[{"href":"https:\/\/equipapet.com.br\/website\/wp-json\/wp\/v2\/product\/5996","targetHints":{"allow":["GET"]}}],"collection":[{"href":"https:\/\/equipapet.com.br\/website\/wp-json\/wp\/v2\/product"}],"about":[{"href":"https:\/\/equipapet.com.br\/website\/wp-json\/wp\/v2\/types\/product"}],"wp:featuredmedia":[{"embeddable":true,"href":"https:\/\/equipapet.com.br\/website\/wp-json\/wp\/v2\/media\/6972"}],"wp:attachment":[{"href":"https:\/\/equipapet.com.br\/website\/wp-json\/wp\/v2\/media?parent=5996"}],"wp:term":[{"taxonomy":"product_cat","embeddable":true,"href":"https:\/\/equipapet.com.br\/website\/wp-json\/wp\/v2\/product_cat?post=5996"},{"taxonomy":"product_tag","embeddable":true,"href":"https:\/\/equipapet.com.br\/website\/wp-json\/wp\/v2\/product_tag?post=5996"}],"curies":[{"name":"wp","href":"https:\/\/api.w.org\/{rel}","templated":true}]}}