{"id":6039,"date":"2017-11-29T11:39:29","date_gmt":"2017-11-29T13:39:29","guid":{"rendered":"http:\/\/www.equipapet.com.br\/site\/produto\/mesa-de-inox-3\/"},"modified":"2025-06-11T14:11:33","modified_gmt":"2025-06-11T17:11:33","slug":"mesa-de-inox-3","status":"publish","type":"product","link":"https:\/\/equipapet.com.br\/website\/product\/mesa-de-inox-3\/","title":{"rendered":"MESA CALHA CIR\u00daRGICA VETERIN\u00c1RIA EM INOX"},"content":{"rendered":"<p>Mesa Calha Cir\u00fargica tampo totalmente em a\u00e7o inox, com estrutura em a\u00e7o inox, regulagem de altura, acompanha suporte de soro e balde de alum\u00ednio<\/p>\n<p>medida (ACL): 0,80&#215;1,15&#215;0,60m<\/p>\n<p>A Equipapet \u00e9 uma empresa especializada em\u00a0<b>equipamentos veterin\u00e1rios<\/b>. com vasta experi\u00eancia no setor, surgiu no intuito de ser refer\u00eancia no mercado de atua\u00e7\u00e3o e vem ganhando cada vez mais espa\u00e7o na \u00e1rea de\u00a0<b>Equipamentos Veterin\u00e1rios<\/b>\u00a0e\u00a0<b>Produtos Veterin\u00e1rios<\/b>\u00a0relacionados a montar\u00a0<b>Consult\u00f3rios Veterin\u00e1rios<\/b>,\u00a0<b>Cl\u00ednicas Veterin\u00e1rias<\/b>\u00a0e<b>\u00a0Hospitais Veterin\u00e1rios.<\/b><\/p>\n<p>&nbsp;<\/p>\n<p>&nbsp;<\/p>\n<p>Contamos com profissionais treinados e experientes\u00a0para dar todo o suporte para a melhor escolha al\u00e9m de acompanhar o veterin\u00e1rio em sua vida profissional e no dia-a-dia dando suporte no que precisar.<\/p>\n<p>&nbsp;<\/p>\n<p>Conhe\u00e7a nossos produtos, buscamos oferecer sempre a melhor solu\u00e7\u00e3o para sua cl\u00ednica veterin\u00e1ria.<\/p>\n","protected":false},"excerpt":{"rendered":"<p>Mesa Calha Cir\u00fargica tampo totalmente em a\u00e7o inox, com estrutura em a\u00e7o inox, regulagem de altura, acompanha suporte de soro<\/p>\n","protected":false},"featured_media":6031,"template":"","meta":[],"product_cat":[739,779,782],"product_tag":[],"class_list":{"0":"post-6039","1":"product","2":"type-product","3":"status-publish","4":"has-post-thumbnail","6":"product_cat-clinica-veterinaria","7":"product_cat-inox","8":"product_cat-moveis","10":"first","11":"instock","12":"shipping-taxable","13":"product-type-simple"},"_links":{"self":[{"href":"https:\/\/equipapet.com.br\/website\/wp-json\/wp\/v2\/product\/6039","targetHints":{"allow":["GET"]}}],"collection":[{"href":"https:\/\/equipapet.com.br\/website\/wp-json\/wp\/v2\/product"}],"about":[{"href":"https:\/\/equipapet.com.br\/website\/wp-json\/wp\/v2\/types\/product"}],"wp:featuredmedia":[{"embeddable":true,"href":"https:\/\/equipapet.com.br\/website\/wp-json\/wp\/v2\/media\/6031"}],"wp:attachment":[{"href":"https:\/\/equipapet.com.br\/website\/wp-json\/wp\/v2\/media?parent=6039"}],"wp:term":[{"taxonomy":"product_cat","embeddable":true,"href":"https:\/\/equipapet.com.br\/website\/wp-json\/wp\/v2\/product_cat?post=6039"},{"taxonomy":"product_tag","embeddable":true,"href":"https:\/\/equipapet.com.br\/website\/wp-json\/wp\/v2\/product_tag?post=6039"}],"curies":[{"name":"wp","href":"https:\/\/api.w.org\/{rel}","templated":true}]}}