{"id":6040,"date":"2017-11-29T11:44:56","date_gmt":"2017-11-29T13:44:56","guid":{"rendered":"http:\/\/www.equipapet.com.br\/site\/produto\/armario-de-inox\/"},"modified":"2025-06-13T15:04:28","modified_gmt":"2025-06-13T18:04:28","slug":"armario-de-inox","status":"publish","type":"product","link":"https:\/\/equipapet.com.br\/website\/product\/armario-de-inox\/","title":{"rendered":"CANIL DE INOX P\/ 7 ANIMAIS &#8211; INOX"},"content":{"rendered":"<p>&nbsp;<\/p>\n<p><strong>Canil em A\u00e7o Inoxid\u00e1vel para 7 animais<\/strong><\/p>\n<p><strong>Em a\u00e7o inoxid\u00e1vel, em formato de cuba, contendo teto, laterais, fundo e ch\u00e3o eliminando o vazamento de <u>l\u00edquido ao vizinho de baixo, com tr\u00eas m\u00f3dulos sobrepostos, sendo 1 grande,1 pequeno e 1 triplo, somando a capacidade total de 7 animais.<\/u><\/strong><\/p>\n<p><strong><u>Divis\u00f3rias centrais em chapas fechadas, piso e bandeja inferior remov\u00edveis.<\/u><\/strong><\/p>\n<p><strong><u>Fechadura americana em a\u00e7o inox<\/u><\/strong><\/p>\n<p><strong><u>Medida total:185x120x0,60cm<\/u><\/strong><\/p>\n<p><strong><u>M\u00f3dulo grande com rod\u00edzios em inox. 0,80x120x0,60cm<\/u><\/strong><\/p>\n<p><strong><u>M\u00f3dulo pequeno com encaixe. 0,60x120x0,60cm<\/u><\/strong><\/p>\n<p><strong>M\u00f3dulo triplo com encaixe. 0,45x120x0,60.<\/strong><\/p>\n<p>A Equipapet \u00e9 uma empresa especializada em\u00a0<b>equipamentos veterin\u00e1rios<\/b>. com vasta experi\u00eancia no setor, surgiu no intuito de ser refer\u00eancia no mercado de atua\u00e7\u00e3o e vem ganhando cada vez mais espa\u00e7o na \u00e1rea de\u00a0<b>Equipamentos Veterin\u00e1rios<\/b>\u00a0e\u00a0<b>Produtos Veterin\u00e1rios<\/b>\u00a0relacionados a montar\u00a0<b>Consult\u00f3rios Veterin\u00e1rios<\/b>,\u00a0<b>Cl\u00ednicas Veterin\u00e1rias<\/b>\u00a0e<b>\u00a0Hospitais Veterin\u00e1rios.<\/b><\/p>\n<p>Contamos com profissionais treinados e experientes\u00a0para dar todo o suporte para a melhor escolha al\u00e9m de acompanhar o veterin\u00e1rio em sua vida profissional e no dia-a-dia dando suporte no que precisar.<\/p>\n<p>Conhe\u00e7a nossos produtos, buscamos oferecer sempre a melhor solu\u00e7\u00e3o para sua cl\u00ednica veterin\u00e1ria.<\/p>\n","protected":false},"excerpt":{"rendered":"<p>&nbsp; Canil em A\u00e7o Inoxid\u00e1vel para 7 animais Em a\u00e7o inoxid\u00e1vel, em formato de cuba, contendo teto, laterais, fundo e<\/p>\n","protected":false},"featured_media":6035,"template":"","meta":[],"product_cat":[740,739,779,782],"product_tag":[],"class_list":{"0":"post-6040","1":"product","2":"type-product","3":"status-publish","4":"has-post-thumbnail","6":"product_cat-banho-tosa","7":"product_cat-clinica-veterinaria","8":"product_cat-inox","9":"product_cat-moveis","11":"first","12":"instock","13":"shipping-taxable","14":"purchasable","15":"product-type-simple"},"_links":{"self":[{"href":"https:\/\/equipapet.com.br\/website\/wp-json\/wp\/v2\/product\/6040","targetHints":{"allow":["GET"]}}],"collection":[{"href":"https:\/\/equipapet.com.br\/website\/wp-json\/wp\/v2\/product"}],"about":[{"href":"https:\/\/equipapet.com.br\/website\/wp-json\/wp\/v2\/types\/product"}],"wp:featuredmedia":[{"embeddable":true,"href":"https:\/\/equipapet.com.br\/website\/wp-json\/wp\/v2\/media\/6035"}],"wp:attachment":[{"href":"https:\/\/equipapet.com.br\/website\/wp-json\/wp\/v2\/media?parent=6040"}],"wp:term":[{"taxonomy":"product_cat","embeddable":true,"href":"https:\/\/equipapet.com.br\/website\/wp-json\/wp\/v2\/product_cat?post=6040"},{"taxonomy":"product_tag","embeddable":true,"href":"https:\/\/equipapet.com.br\/website\/wp-json\/wp\/v2\/product_tag?post=6040"}],"curies":[{"name":"wp","href":"https:\/\/api.w.org\/{rel}","templated":true}]}}