{"id":6079,"date":"2018-03-13T21:38:42","date_gmt":"2018-03-14T00:38:42","guid":{"rendered":"http:\/\/www.equipapet.com.br\/site\/?post_type=product&#038;p=6079"},"modified":"2025-06-12T15:23:15","modified_gmt":"2025-06-12T18:23:15","slug":"alveolotomo-luer-curvo","status":"publish","type":"product","link":"https:\/\/equipapet.com.br\/website\/product\/alveolotomo-luer-curvo\/","title":{"rendered":"ALVEOL\u00d3TOMO LUER 15CM CURVO"},"content":{"rendered":"<p>ALVEOL\u00d3TOMO LUER CURVO<\/p>\n<p>A Equipapet \u00e9 uma empresa especializada em\u00a0<b>equipamentos veterin\u00e1rios<\/b>. com vasta experi\u00eancia no setor, surgiu no intuito de ser refer\u00eancia no mercado de atua\u00e7\u00e3o e vem ganhando cada vez mais espa\u00e7o na \u00e1rea de\u00a0<b>Equipamentos Veterin\u00e1rios<\/b>\u00a0e\u00a0<b>Produtos Veterin\u00e1rios<\/b>\u00a0relacionados a montar\u00a0<b>Consult\u00f3rios Veterin\u00e1rios<\/b>,\u00a0<b>Cl\u00ednicas Veterin\u00e1rias<\/b>\u00a0e<b>\u00a0Hospitais Veterin\u00e1rios.<\/b><\/p>\n<p>&nbsp;<\/p>\n<p>&nbsp;<\/p>\n<p>Contamos com profissionais treinados e experientes\u00a0para dar todo o suporte para a melhor escolha al\u00e9m de acompanhar o veterin\u00e1rio em sua vida profissional e no dia-a-dia dando suporte no que precisar.<\/p>\n<p>&nbsp;<\/p>\n<p>Conhe\u00e7a nossos produtos, buscamos oferecer sempre a melhor solu\u00e7\u00e3o para sua cl\u00ednica veterin\u00e1ria.<\/p>\n","protected":false},"excerpt":{"rendered":"<p>ALVEOL\u00d3TOMO LUER CURVO A Equipapet \u00e9 uma empresa especializada em\u00a0equipamentos veterin\u00e1rios. com vasta experi\u00eancia no setor, surgiu no intuito de<\/p>\n","protected":false},"featured_media":7386,"template":"","meta":[],"product_cat":[739,781,784,763,767],"product_tag":[],"class_list":{"0":"post-6079","1":"product","2":"type-product","3":"status-publish","4":"has-post-thumbnail","6":"product_cat-clinica-veterinaria","7":"product_cat-instrumentais","8":"product_cat-odontologia","9":"product_cat-promocao","10":"product_cat-pronta-entrega","12":"first","13":"instock","14":"sale","15":"shipping-taxable","16":"purchasable","17":"product-type-simple"},"_links":{"self":[{"href":"https:\/\/equipapet.com.br\/website\/wp-json\/wp\/v2\/product\/6079","targetHints":{"allow":["GET"]}}],"collection":[{"href":"https:\/\/equipapet.com.br\/website\/wp-json\/wp\/v2\/product"}],"about":[{"href":"https:\/\/equipapet.com.br\/website\/wp-json\/wp\/v2\/types\/product"}],"wp:featuredmedia":[{"embeddable":true,"href":"https:\/\/equipapet.com.br\/website\/wp-json\/wp\/v2\/media\/7386"}],"wp:attachment":[{"href":"https:\/\/equipapet.com.br\/website\/wp-json\/wp\/v2\/media?parent=6079"}],"wp:term":[{"taxonomy":"product_cat","embeddable":true,"href":"https:\/\/equipapet.com.br\/website\/wp-json\/wp\/v2\/product_cat?post=6079"},{"taxonomy":"product_tag","embeddable":true,"href":"https:\/\/equipapet.com.br\/website\/wp-json\/wp\/v2\/product_tag?post=6079"}],"curies":[{"name":"wp","href":"https:\/\/api.w.org\/{rel}","templated":true}]}}