{"id":6178,"date":"2018-04-02T16:15:09","date_gmt":"2018-04-02T19:15:09","guid":{"rendered":"http:\/\/www.equipapet.com.br\/site\/?post_type=product&#038;p=6178"},"modified":"2025-06-20T14:51:28","modified_gmt":"2025-06-20T17:51:28","slug":"caixa-cirurgica","status":"publish","type":"product","link":"https:\/\/equipapet.com.br\/website\/product\/caixa-cirurgica\/","title":{"rendered":"CAIXA CIR\u00daRGICA INOX"},"content":{"rendered":"<p>CAIXA CIRURGICA CONTANDO 32 PECAS<\/p>\n<p>1- Caixa de inox 26x12x06 cm<\/p>\n<p>1- Cabo bisturi n. 4<\/p>\n<p>10- Laminas de bisturi para Cabo n. 4<\/p>\n<p>1- Par de afastador Farabeuf<\/p>\n<p>1- Pinca anatomica com serrilha 16 cm<\/p>\n<p>1- Pinca dente de rato 16 cm<\/p>\n<p>4- Pincas Backaus 13 cm<\/p>\n<p>2- Pinca Allis 15 cm<\/p>\n<p>1- Pinca para antissepsia Foester<\/p>\n<p>2- Pinca Halsted Mosquito reta 12 cm<\/p>\n<p>2- Pinca Halsted Mosquito curva 12 cm<\/p>\n<p>2- Pinca Kelly reta 16 cm<\/p>\n<p>2- Pinca Kelly curva 16 cm<\/p>\n<p>1- Pinca Rochester reta 18 cm<\/p>\n<p>1- Pinca Rochester curva 18 cm<\/p>\n<p>2- Pinca Kocher reta 16 cm<\/p>\n<p>2- Pinca kocher curva 16 cm<\/p>\n<p>1- Tesoura cir\u00fargica Romba-Romba reta 15 cm<\/p>\n<p>1- Tesoura cir\u00fargica Fina-Fina reta 15 cm<\/p>\n<p>1- Tesoura cir\u00fargica Romba-Fina curva 15cm<\/p>\n<p>1- Tesoura Spencer para retirada de pontos<\/p>\n<p>1- Porta agulha Mayo Hegar 16 cm com videa .<\/p>\n<p>A Equipapet \u00e9 uma empresa especializada em\u00a0<b>equipamentos veterin\u00e1rios<\/b>. com vasta experi\u00eancia no setor, surgiu no intuito de ser refer\u00eancia no mercado de atua\u00e7\u00e3o e vem ganhando cada vez mais espa\u00e7o na \u00e1rea de\u00a0<b>Equipamentos Veterin\u00e1rios<\/b>\u00a0e\u00a0<b>Produtos Veterin\u00e1rios<\/b>\u00a0relacionados a montar\u00a0<b>Consult\u00f3rios Veterin\u00e1rios<\/b>,\u00a0<b>Cl\u00ednicas Veterin\u00e1rias<\/b>\u00a0e<b>\u00a0Hospitais Veterin\u00e1rios.<\/b><\/p>\n<p>&nbsp;<\/p>\n<p>Contamos com profissionais treinados e experientes\u00a0para dar todo o suporte para a melhor escolha al\u00e9m de acompanhar o veterin\u00e1rio em sua vida profissional e no dia-a-dia dando suporte no que precisar.<\/p>\n<p>&nbsp;<\/p>\n<p>Conhe\u00e7a nossos produtos, buscamos oferecer sempre a melhor solu\u00e7\u00e3o para sua cl\u00ednica veterin\u00e1ria.<\/p>\n<p>&nbsp;<\/p>\n","protected":false},"excerpt":{"rendered":"<p>CAIXA CIRURGICA CONTANDO 32 PECAS 1- Caixa de inox 26x12x06 cm 1- Cabo bisturi n. 4 10- Laminas de bisturi<\/p>\n","protected":false},"featured_media":7236,"template":"","meta":[],"product_cat":[739,781],"product_tag":[],"class_list":{"0":"post-6178","1":"product","2":"type-product","3":"status-publish","4":"has-post-thumbnail","6":"product_cat-clinica-veterinaria","7":"product_cat-instrumentais","9":"first","10":"instock","11":"shipping-taxable","12":"purchasable","13":"product-type-simple"},"_links":{"self":[{"href":"https:\/\/equipapet.com.br\/website\/wp-json\/wp\/v2\/product\/6178","targetHints":{"allow":["GET"]}}],"collection":[{"href":"https:\/\/equipapet.com.br\/website\/wp-json\/wp\/v2\/product"}],"about":[{"href":"https:\/\/equipapet.com.br\/website\/wp-json\/wp\/v2\/types\/product"}],"wp:featuredmedia":[{"embeddable":true,"href":"https:\/\/equipapet.com.br\/website\/wp-json\/wp\/v2\/media\/7236"}],"wp:attachment":[{"href":"https:\/\/equipapet.com.br\/website\/wp-json\/wp\/v2\/media?parent=6178"}],"wp:term":[{"taxonomy":"product_cat","embeddable":true,"href":"https:\/\/equipapet.com.br\/website\/wp-json\/wp\/v2\/product_cat?post=6178"},{"taxonomy":"product_tag","embeddable":true,"href":"https:\/\/equipapet.com.br\/website\/wp-json\/wp\/v2\/product_tag?post=6178"}],"curies":[{"name":"wp","href":"https:\/\/api.w.org\/{rel}","templated":true}]}}