{"id":6262,"date":"2019-10-28T10:12:47","date_gmt":"2019-10-28T13:12:47","guid":{"rendered":"http:\/\/www.equipapet.com.br\/site\/?post_type=product&#038;p=6262"},"modified":"2025-06-20T14:17:47","modified_gmt":"2025-06-20T17:17:47","slug":"foco-ciurgico-auxiliar-de-6-refletores-com-bateria-emergencia","status":"publish","type":"product","link":"https:\/\/equipapet.com.br\/website\/product\/foco-ciurgico-auxiliar-de-6-refletores-com-bateria-emergencia\/","title":{"rendered":"FOCO CI\u00daRGICO AUXILIAR DE 6 REFLETORES COM BATERIA EMERGENCIA"},"content":{"rendered":"<p>C\u00fapula pl\u00e1stica de alta resist\u00eancia, composta por 6 bulbos com l\u00e2mpadas hal\u00f3genas H3: 12V \u2013 55W = 330W; filtro antit\u00e9rmico. Luminosidade de 120.000 Lux, manopla de alum\u00ednio autoclav\u00e1vel. Base m\u00f3vel com 4 rod\u00edzios. Bif\u00e1sico: 110\/220v. MARTEC<\/p>\n<p>A Equipapet \u00e9 uma empresa especializada em\u00a0<b>equipamentos veterin\u00e1rios<\/b>. com vasta experi\u00eancia no setor, surgiu no intuito de ser refer\u00eancia no mercado de atua\u00e7\u00e3o e vem ganhando cada vez mais espa\u00e7o na \u00e1rea de\u00a0<b>Equipamentos Veterin\u00e1rios<\/b>\u00a0e\u00a0<b>Produtos Veterin\u00e1rios<\/b>\u00a0relacionados a montar\u00a0<b>Consult\u00f3rios Veterin\u00e1rios<\/b>,\u00a0<b>Cl\u00ednicas Veterin\u00e1rias<\/b>\u00a0e<b>\u00a0Hospitais Veterin\u00e1rios.<\/b><\/p>\n<p>&nbsp;<\/p>\n<p>&nbsp;<\/p>\n<p>Contamos com profissionais treinados e experientes\u00a0para dar todo o suporte para a melhor escolha al\u00e9m de acompanhar o veterin\u00e1rio em sua vida profissional e no dia-a-dia dando suporte no que precisar.<\/p>\n<p>&nbsp;<\/p>\n<p>Conhe\u00e7a nossos produtos, buscamos oferecer sempre a melhor solu\u00e7\u00e3o para sua cl\u00ednica veterin\u00e1ria.<\/p>\n","protected":false},"excerpt":{"rendered":"<p>C\u00fapula pl\u00e1stica de alta resist\u00eancia, composta por 6 bulbos com l\u00e2mpadas hal\u00f3genas H3: 12V \u2013 55W = 330W; filtro antit\u00e9rmico.<\/p>\n","protected":false},"featured_media":6312,"template":"","meta":[],"product_cat":[739,778],"product_tag":[],"class_list":{"0":"post-6262","1":"product","2":"type-product","3":"status-publish","4":"has-post-thumbnail","6":"product_cat-clinica-veterinaria","7":"product_cat-foco","9":"first","10":"instock","11":"shipping-taxable","12":"purchasable","13":"product-type-simple"},"_links":{"self":[{"href":"https:\/\/equipapet.com.br\/website\/wp-json\/wp\/v2\/product\/6262","targetHints":{"allow":["GET"]}}],"collection":[{"href":"https:\/\/equipapet.com.br\/website\/wp-json\/wp\/v2\/product"}],"about":[{"href":"https:\/\/equipapet.com.br\/website\/wp-json\/wp\/v2\/types\/product"}],"wp:featuredmedia":[{"embeddable":true,"href":"https:\/\/equipapet.com.br\/website\/wp-json\/wp\/v2\/media\/6312"}],"wp:attachment":[{"href":"https:\/\/equipapet.com.br\/website\/wp-json\/wp\/v2\/media?parent=6262"}],"wp:term":[{"taxonomy":"product_cat","embeddable":true,"href":"https:\/\/equipapet.com.br\/website\/wp-json\/wp\/v2\/product_cat?post=6262"},{"taxonomy":"product_tag","embeddable":true,"href":"https:\/\/equipapet.com.br\/website\/wp-json\/wp\/v2\/product_tag?post=6262"}],"curies":[{"name":"wp","href":"https:\/\/api.w.org\/{rel}","templated":true}]}}