{"id":6412,"date":"2020-04-08T11:31:01","date_gmt":"2020-04-08T14:31:01","guid":{"rendered":"http:\/\/www.equipapet.com.br\/site\/?post_type=product&#038;p=6412"},"modified":"2025-06-20T13:45:59","modified_gmt":"2025-06-20T16:45:59","slug":"balanca-digital-plataforma","status":"publish","type":"product","link":"https:\/\/equipapet.com.br\/website\/product\/balanca-digital-plataforma\/","title":{"rendered":"BALAN\u00c7A DIGITAL PLATAFORMA"},"content":{"rendered":"<p>Medidas: (CxLxA) 80x60x20cm. Pesagem de 0,05 a 200kg. Fabricada em a\u00e7o carbono com pintura eletrost\u00e1tica na cor verde martelado; visor digital elevado a 80cm da base. BIVOLT. Possui selo do INMETRO.<\/p>\n<p>A Equipapet \u00e9 uma empresa especializada em\u00a0<b>equipamentos veterin\u00e1rios<\/b>. com vasta experi\u00eancia no setor, surgiu no intuito de ser refer\u00eancia no mercado de atua\u00e7\u00e3o e vem ganhando cada vez mais espa\u00e7o na \u00e1rea de\u00a0<b>Equipamentos Veterin\u00e1rios<\/b>\u00a0e\u00a0<b>Produtos Veterin\u00e1rios<\/b>\u00a0relacionados a montar\u00a0<b>Consult\u00f3rios Veterin\u00e1rios<\/b>,\u00a0<b>Cl\u00ednicas Veterin\u00e1rias<\/b>\u00a0e<b>\u00a0Hospitais Veterin\u00e1rios.<\/b><\/p>\n<p>&nbsp;<\/p>\n<p>Contamos com profissionais treinados e experientes\u00a0para dar todo o suporte para a melhor escolha al\u00e9m de acompanhar o veterin\u00e1rio em sua vida profissional e no dia-a-dia dando suporte no que precisar.<\/p>\n<p>&nbsp;<\/p>\n<p>Conhe\u00e7a nossos produtos, buscamos oferecer sempre a melhor solu\u00e7\u00e3o para sua cl\u00ednica veterin\u00e1ria.<\/p>\n","protected":false},"excerpt":{"rendered":"<p>Medidas: (CxLxA) 80x60x20cm. Pesagem de 0,05 a 200kg. Fabricada em a\u00e7o carbono com pintura eletrost\u00e1tica na cor verde martelado; visor<\/p>\n","protected":false},"featured_media":6411,"template":"","meta":[],"product_cat":[739,777],"product_tag":[],"class_list":{"0":"post-6412","1":"product","2":"type-product","3":"status-publish","4":"has-post-thumbnail","6":"product_cat-clinica-veterinaria","7":"product_cat-equipamentos","9":"first","10":"instock","11":"shipping-taxable","12":"purchasable","13":"product-type-simple"},"_links":{"self":[{"href":"https:\/\/equipapet.com.br\/website\/wp-json\/wp\/v2\/product\/6412","targetHints":{"allow":["GET"]}}],"collection":[{"href":"https:\/\/equipapet.com.br\/website\/wp-json\/wp\/v2\/product"}],"about":[{"href":"https:\/\/equipapet.com.br\/website\/wp-json\/wp\/v2\/types\/product"}],"wp:featuredmedia":[{"embeddable":true,"href":"https:\/\/equipapet.com.br\/website\/wp-json\/wp\/v2\/media\/6411"}],"wp:attachment":[{"href":"https:\/\/equipapet.com.br\/website\/wp-json\/wp\/v2\/media?parent=6412"}],"wp:term":[{"taxonomy":"product_cat","embeddable":true,"href":"https:\/\/equipapet.com.br\/website\/wp-json\/wp\/v2\/product_cat?post=6412"},{"taxonomy":"product_tag","embeddable":true,"href":"https:\/\/equipapet.com.br\/website\/wp-json\/wp\/v2\/product_tag?post=6412"}],"curies":[{"name":"wp","href":"https:\/\/api.w.org\/{rel}","templated":true}]}}