{"id":6639,"date":"2021-04-30T15:57:53","date_gmt":"2021-04-30T18:57:53","guid":{"rendered":"https:\/\/www.equipapet.com.br\/site\/?post_type=product&#038;p=6639"},"modified":"2025-06-11T13:58:45","modified_gmt":"2025-06-11T16:58:45","slug":"seladora-evoxx","status":"publish","type":"product","link":"https:\/\/equipapet.com.br\/website\/product\/seladora-evoxx\/","title":{"rendered":"SELADORA EVOXX"},"content":{"rendered":"<p>INDICADA PARA SELAR EMBALAGENS DE PAPEL GRAU CIR\u00daRGICO COM EFICIENCIA E DE MANEIRA HERM\u00c9TICA. POSSUI UMA LAMINA DE DOIS GUMES QUE POSSIBILITA CORTE DE MANEIRA F\u00c1CIL EM AMBOS OS SENTIDOS. RESISTENCIA BLINDADA COM AQUECIMENTO DE 180C. DOTADA TAMBEM DE UMA MESA DE OPERA\u00c7\u00c0O COM MEDIDAS PARA FACILITAR A OPERACAO E PADRONIZAR O COMPRIMENTO DAS EMBALAGENS.<\/p>\n<p>POTENCIA 500W<\/p>\n<p>TENS\u00c3O 127V OU 220V<\/p>\n<p>AREA DE SELAGEM 12 X 300 MM<\/p>\n<p>DI\u00c2METRO M\u00c1XIMO DA BOBINA 200MM<\/p>\n<p>DIMENS\u00c3O (CxLxA) 50x47x29 cm<\/p>\n<p>PESO LIQUIDO 4,3KG<\/p>\n<p>PESO BRUTO 5,2KG<\/p>\n<p>A Equipapet \u00e9 uma empresa especializada em\u00a0<b>equipamentos veterin\u00e1rios<\/b>. com vasta experi\u00eancia no setor, surgiu no intuito de ser refer\u00eancia no mercado de atua\u00e7\u00e3o e vem ganhando cada vez mais espa\u00e7o na \u00e1rea de\u00a0<b>Equipamentos Veterin\u00e1rios<\/b>\u00a0e\u00a0<b>Produtos Veterin\u00e1rios<\/b>\u00a0relacionados a montar\u00a0<b>Consult\u00f3rios Veterin\u00e1rios<\/b>,\u00a0<b>Cl\u00ednicas Veterin\u00e1rias<\/b>\u00a0e<b>\u00a0Hospitais Veterin\u00e1rios.<\/b><\/p>\n<p>&nbsp;<\/p>\n<p>&nbsp;<\/p>\n<p>Contamos com profissionais treinados e experientes\u00a0para dar todo o suporte para a melhor escolha al\u00e9m de acompanhar o veterin\u00e1rio em sua vida profissional e no dia-a-dia dando suporte no que precisar.<\/p>\n<p>&nbsp;<\/p>\n<p>Conhe\u00e7a nossos produtos, buscamos oferecer sempre a melhor solu\u00e7\u00e3o para sua cl\u00ednica veterin\u00e1ria.<\/p>\n","protected":false},"excerpt":{"rendered":"<p>INDICADA PARA SELAR EMBALAGENS DE PAPEL GRAU CIR\u00daRGICO COM EFICIENCIA E DE MANEIRA HERM\u00c9TICA. POSSUI UMA LAMINA DE DOIS GUMES<\/p>\n","protected":false},"featured_media":6620,"template":"","meta":[],"product_cat":[739],"product_tag":[],"class_list":{"0":"post-6639","1":"product","2":"type-product","3":"status-publish","4":"has-post-thumbnail","6":"product_cat-clinica-veterinaria","8":"first","9":"instock","10":"shipping-taxable","11":"product-type-simple"},"_links":{"self":[{"href":"https:\/\/equipapet.com.br\/website\/wp-json\/wp\/v2\/product\/6639","targetHints":{"allow":["GET"]}}],"collection":[{"href":"https:\/\/equipapet.com.br\/website\/wp-json\/wp\/v2\/product"}],"about":[{"href":"https:\/\/equipapet.com.br\/website\/wp-json\/wp\/v2\/types\/product"}],"wp:featuredmedia":[{"embeddable":true,"href":"https:\/\/equipapet.com.br\/website\/wp-json\/wp\/v2\/media\/6620"}],"wp:attachment":[{"href":"https:\/\/equipapet.com.br\/website\/wp-json\/wp\/v2\/media?parent=6639"}],"wp:term":[{"taxonomy":"product_cat","embeddable":true,"href":"https:\/\/equipapet.com.br\/website\/wp-json\/wp\/v2\/product_cat?post=6639"},{"taxonomy":"product_tag","embeddable":true,"href":"https:\/\/equipapet.com.br\/website\/wp-json\/wp\/v2\/product_tag?post=6639"}],"curies":[{"name":"wp","href":"https:\/\/api.w.org\/{rel}","templated":true}]}}