{"id":6644,"date":"2021-04-30T17:07:21","date_gmt":"2021-04-30T20:07:21","guid":{"rendered":"https:\/\/www.equipapet.com.br\/site\/?post_type=product&#038;p=6644"},"modified":"2025-06-11T13:58:36","modified_gmt":"2025-06-11T16:58:36","slug":"compressor-de-ar-80l-40-hp","status":"publish","type":"product","link":"https:\/\/equipapet.com.br\/website\/product\/compressor-de-ar-80l-40-hp\/","title":{"rendered":"COMPRESSOR DE AR 80L"},"content":{"rendered":"<p>4 CONSULT\u00d3RIOS SEM BOMBA DE V\u00c1CUO COM 1 SUGADOR DE AR (CADA CONSULT\u00d3RIO) INDICA\u00c7\u00c3O BASEADA NO CONSUMO DE AR 80L\/MIM PARA CADA CONSULTORIO QUANDO ESTIVER UTILIZANDO SUGADOR DE AR.<\/p>\n<p>6 CONSULT\u00d3RIOS COM TODOS OS SUGADORES LIGADOS A BOMBA DE V\u00c1CUO, INDICA\u00c7\u00c0O BASEADA EM 40L\/MIM PARA CADA CONSULT\u00d3RIO COM TODOS OS SUGADORES LIGADOS A BOMBA DE VACUO.<\/p>\n<p>POTENCIA 4,0HP\/ 3000w<\/p>\n<p>TENS\u00c0O 220v<\/p>\n<p>PRESS\u00c0O MAXIMA 120 psi<\/p>\n<p>DESLOCAMENTO 566 lpm<\/p>\n<p>RESERVAT\u00d3RIO 81 L<\/p>\n<p>DIMENS\u00c0O (CxLxA) 90x41x82 cm<\/p>\n<p>PESO LIQUIDO 68,5 kg<\/p>\n<p>PESO BRUTO 83,2 kg<\/p>\n<p>A Equipapet \u00e9 uma empresa especializada em\u00a0<b>equipamentos veterin\u00e1rios<\/b>. com vasta experi\u00eancia no setor, surgiu no intuito de ser refer\u00eancia no mercado de atua\u00e7\u00e3o e vem ganhando cada vez mais espa\u00e7o na \u00e1rea de\u00a0<b>Equipamentos Veterin\u00e1rios<\/b>\u00a0e\u00a0<b>Produtos Veterin\u00e1rios<\/b>\u00a0relacionados a montar\u00a0<b>Consult\u00f3rios Veterin\u00e1rios<\/b>,\u00a0<b>Cl\u00ednicas Veterin\u00e1rias<\/b>\u00a0e<b>\u00a0Hospitais Veterin\u00e1rios.<\/b><\/p>\n<p>&nbsp;<\/p>\n<p>&nbsp;<\/p>\n<p>Contamos com profissionais treinados e experientes\u00a0para dar todo o suporte para a melhor escolha al\u00e9m de acompanhar o veterin\u00e1rio em sua vida profissional e no dia-a-dia dando suporte no que precisar.<\/p>\n<p>&nbsp;<\/p>\n<p>Conhe\u00e7a nossos produtos, buscamos oferecer sempre a melhor solu\u00e7\u00e3o para sua cl\u00ednica veterin\u00e1ria.<\/p>\n","protected":false},"excerpt":{"rendered":"<p>4 CONSULT\u00d3RIOS SEM BOMBA DE V\u00c1CUO COM 1 SUGADOR DE AR (CADA CONSULT\u00d3RIO) INDICA\u00c7\u00c3O BASEADA NO CONSUMO DE AR 80L\/MIM<\/p>\n","protected":false},"featured_media":6622,"template":"","meta":[],"product_cat":[739,777],"product_tag":[],"class_list":{"0":"post-6644","1":"product","2":"type-product","3":"status-publish","4":"has-post-thumbnail","6":"product_cat-clinica-veterinaria","7":"product_cat-equipamentos","9":"first","10":"instock","11":"shipping-taxable","12":"product-type-simple"},"_links":{"self":[{"href":"https:\/\/equipapet.com.br\/website\/wp-json\/wp\/v2\/product\/6644","targetHints":{"allow":["GET"]}}],"collection":[{"href":"https:\/\/equipapet.com.br\/website\/wp-json\/wp\/v2\/product"}],"about":[{"href":"https:\/\/equipapet.com.br\/website\/wp-json\/wp\/v2\/types\/product"}],"wp:featuredmedia":[{"embeddable":true,"href":"https:\/\/equipapet.com.br\/website\/wp-json\/wp\/v2\/media\/6622"}],"wp:attachment":[{"href":"https:\/\/equipapet.com.br\/website\/wp-json\/wp\/v2\/media?parent=6644"}],"wp:term":[{"taxonomy":"product_cat","embeddable":true,"href":"https:\/\/equipapet.com.br\/website\/wp-json\/wp\/v2\/product_cat?post=6644"},{"taxonomy":"product_tag","embeddable":true,"href":"https:\/\/equipapet.com.br\/website\/wp-json\/wp\/v2\/product_tag?post=6644"}],"curies":[{"name":"wp","href":"https:\/\/api.w.org\/{rel}","templated":true}]}}