{"id":6652,"date":"2021-05-03T14:05:23","date_gmt":"2021-05-03T17:05:23","guid":{"rendered":"https:\/\/www.equipapet.com.br\/site\/?post_type=product&#038;p=6652"},"modified":"2025-06-11T13:58:00","modified_gmt":"2025-06-11T16:58:00","slug":"bomba-de-vacuo-com-agua-evo-5","status":"publish","type":"product","link":"https:\/\/equipapet.com.br\/website\/product\/bomba-de-vacuo-com-agua-evo-5\/","title":{"rendered":"BOMBA DE V\u00c1CUO COM \u00c1GUA EVO 5"},"content":{"rendered":"<p>ATENDE ATE 5 CONSULT\u00d3RIOS SIMULTANEAMENTE. A INSTALA\u00c7\u00c3O PODE SER COM ATE 15 METROS ENTRE O CONSULT\u00d3RIO MAIS DISTANTE E A BOMBA DE V\u00c1CUO<\/p>\n<p>POT\u00caNCIA 1,0HP<\/p>\n<p>TENS\u00c3O BIVOL (127\/220v)<\/p>\n<p>V\u00c1CUO M\u00c1XIMO 640 mmhg<\/p>\n<p>DIMENS\u00c3O (CxLxA) 28&#215;23,5&#215;34,5 cm<\/p>\n<p>PESO L\u00cdQUIDO 16 kg<\/p>\n<p>PESO BRUTO 19,6 kg<\/p>\n<p>A Equipapet \u00e9 uma empresa especializada em\u00a0<b>equipamentos veterin\u00e1rios<\/b>. com vasta experi\u00eancia no setor, surgiu no intuito de ser refer\u00eancia no mercado de atua\u00e7\u00e3o e vem ganhando cada vez mais espa\u00e7o na \u00e1rea de\u00a0<b>Equipamentos Veterin\u00e1rios<\/b>\u00a0e\u00a0<b>Produtos Veterin\u00e1rios<\/b>\u00a0relacionados a montar\u00a0<b>Consult\u00f3rios Veterin\u00e1rios<\/b>,\u00a0<b>Cl\u00ednicas Veterin\u00e1rias<\/b>\u00a0e<b>\u00a0Hospitais Veterin\u00e1rios.<\/b><\/p>\n<p>&nbsp;<\/p>\n<p>&nbsp;<\/p>\n<p>Contamos com profissionais treinados e experientes\u00a0para dar todo o suporte para a melhor escolha al\u00e9m de acompanhar o veterin\u00e1rio em sua vida profissional e no dia-a-dia dando suporte no que precisar.<\/p>\n<p>&nbsp;<\/p>\n<p>Conhe\u00e7a nossos produtos, buscamos oferecer sempre a melhor solu\u00e7\u00e3o para sua cl\u00ednica veterin\u00e1ria.<\/p>\n","protected":false},"excerpt":{"rendered":"<p>ATENDE ATE 5 CONSULT\u00d3RIOS SIMULTANEAMENTE. A INSTALA\u00c7\u00c3O PODE SER COM ATE 15 METROS ENTRE O CONSULT\u00d3RIO MAIS DISTANTE E A<\/p>\n","protected":false},"featured_media":6630,"template":"","meta":[],"product_cat":[739,777],"product_tag":[],"class_list":{"0":"post-6652","1":"product","2":"type-product","3":"status-publish","4":"has-post-thumbnail","6":"product_cat-clinica-veterinaria","7":"product_cat-equipamentos","9":"first","10":"instock","11":"shipping-taxable","12":"product-type-simple"},"_links":{"self":[{"href":"https:\/\/equipapet.com.br\/website\/wp-json\/wp\/v2\/product\/6652","targetHints":{"allow":["GET"]}}],"collection":[{"href":"https:\/\/equipapet.com.br\/website\/wp-json\/wp\/v2\/product"}],"about":[{"href":"https:\/\/equipapet.com.br\/website\/wp-json\/wp\/v2\/types\/product"}],"wp:featuredmedia":[{"embeddable":true,"href":"https:\/\/equipapet.com.br\/website\/wp-json\/wp\/v2\/media\/6630"}],"wp:attachment":[{"href":"https:\/\/equipapet.com.br\/website\/wp-json\/wp\/v2\/media?parent=6652"}],"wp:term":[{"taxonomy":"product_cat","embeddable":true,"href":"https:\/\/equipapet.com.br\/website\/wp-json\/wp\/v2\/product_cat?post=6652"},{"taxonomy":"product_tag","embeddable":true,"href":"https:\/\/equipapet.com.br\/website\/wp-json\/wp\/v2\/product_tag?post=6652"}],"curies":[{"name":"wp","href":"https:\/\/api.w.org\/{rel}","templated":true}]}}