{"id":6654,"date":"2021-05-03T14:23:08","date_gmt":"2021-05-03T17:23:08","guid":{"rendered":"https:\/\/www.equipapet.com.br\/site\/?post_type=product&#038;p=6654"},"modified":"2025-06-11T13:57:50","modified_gmt":"2025-06-11T16:57:50","slug":"bomba-de-vacuo-sem-agua","status":"publish","type":"product","link":"https:\/\/equipapet.com.br\/website\/product\/bomba-de-vacuo-sem-agua\/","title":{"rendered":"BOMBA DE V\u00c1CUO SEM \u00c1GUA &#8211; EVO DRY"},"content":{"rendered":"<p>EQUIPAMENTO DESENVOLVIDO PARA PRODUZIR SUC\u00c7\u00c3O E SECOL<\/p>\n<p>ATENDE ATE 2 CONSULT\u00d3RIOS SIMULTANEAMENTE<\/p>\n<p>A INSTALA\u00c7\u00c3O PODE SER ATE 6 METROS ENTRE O CONSULT\u00d3RIO MAIS DISTANE E A BOMBA DE V\u00c1CUO<\/p>\n<p>POT\u00caNCIA 1,0HP<\/p>\n<p>TENS\u00c3O 127v ou 220v<\/p>\n<p>V\u00c1CUO M\u00c1XIMO 200 mBar<\/p>\n<p>DIMENS\u00c3O (CxLxA) 43x33x67,5<\/p>\n<p>PESO L\u00cdQUIDO 24,7kg<\/p>\n<p>PESO BRUTO 35,8 kg<\/p>\n<p>A Equipapet \u00e9 uma empresa especializada em\u00a0<b>equipamentos veterin\u00e1rios<\/b>. com vasta experi\u00eancia no setor, surgiu no intuito de ser refer\u00eancia no mercado de atua\u00e7\u00e3o e vem ganhando cada vez mais espa\u00e7o na \u00e1rea de\u00a0<b>Equipamentos Veterin\u00e1rios<\/b>\u00a0e\u00a0<b>Produtos Veterin\u00e1rios<\/b>\u00a0relacionados a montar\u00a0<b>Consult\u00f3rios Veterin\u00e1rios<\/b>,\u00a0<b>Cl\u00ednicas Veterin\u00e1rias<\/b>\u00a0e<b>\u00a0Hospitais Veterin\u00e1rios.<\/b><\/p>\n<p>&nbsp;<\/p>\n<p>Contamos com profissionais treinados e experientes\u00a0para dar todo o suporte para a melhor escolha al\u00e9m de acompanhar o veterin\u00e1rio em sua vida profissional e no dia-a-dia dando suporte no que precisar.<\/p>\n<p>&nbsp;<\/p>\n<p>Conhe\u00e7a nossos produtos, buscamos oferecer sempre a melhor solu\u00e7\u00e3o para sua cl\u00ednica veterin\u00e1ria.<\/p>\n","protected":false},"excerpt":{"rendered":"<p>EQUIPAMENTO DESENVOLVIDO PARA PRODUZIR SUC\u00c7\u00c3O E SECOL ATENDE ATE 2 CONSULT\u00d3RIOS SIMULTANEAMENTE A INSTALA\u00c7\u00c3O PODE SER ATE 6 METROS ENTRE<\/p>\n","protected":false},"featured_media":6632,"template":"","meta":[],"product_cat":[739,777],"product_tag":[],"class_list":{"0":"post-6654","1":"product","2":"type-product","3":"status-publish","4":"has-post-thumbnail","6":"product_cat-clinica-veterinaria","7":"product_cat-equipamentos","9":"first","10":"instock","11":"shipping-taxable","12":"product-type-simple"},"_links":{"self":[{"href":"https:\/\/equipapet.com.br\/website\/wp-json\/wp\/v2\/product\/6654","targetHints":{"allow":["GET"]}}],"collection":[{"href":"https:\/\/equipapet.com.br\/website\/wp-json\/wp\/v2\/product"}],"about":[{"href":"https:\/\/equipapet.com.br\/website\/wp-json\/wp\/v2\/types\/product"}],"wp:featuredmedia":[{"embeddable":true,"href":"https:\/\/equipapet.com.br\/website\/wp-json\/wp\/v2\/media\/6632"}],"wp:attachment":[{"href":"https:\/\/equipapet.com.br\/website\/wp-json\/wp\/v2\/media?parent=6654"}],"wp:term":[{"taxonomy":"product_cat","embeddable":true,"href":"https:\/\/equipapet.com.br\/website\/wp-json\/wp\/v2\/product_cat?post=6654"},{"taxonomy":"product_tag","embeddable":true,"href":"https:\/\/equipapet.com.br\/website\/wp-json\/wp\/v2\/product_tag?post=6654"}],"curies":[{"name":"wp","href":"https:\/\/api.w.org\/{rel}","templated":true}]}}