{"id":6671,"date":"2021-06-14T18:52:51","date_gmt":"2021-06-14T21:52:51","guid":{"rendered":"https:\/\/www.equipapet.com.br\/site\/?post_type=product&#038;p=6671"},"modified":"2025-06-11T13:57:08","modified_gmt":"2025-06-11T16:57:08","slug":"luvas-em-couro-para-protecao","status":"publish","type":"product","link":"https:\/\/equipapet.com.br\/website\/product\/luvas-em-couro-para-protecao\/","title":{"rendered":"LUVAS EM COURO PARA PROTE\u00c7\u00c3O"},"content":{"rendered":"<p>Luva de seguran\u00e7a confeccionada em raspa, refor\u00e7o interno em raspa na palma e dedos, tira de refor\u00e7o externo em raspa entre os dedos polegar e indicador, punho 30cm. Possui em sua composi\u00e7\u00e3o o fio de kevlar, aumentando a durabilidade da luva.<\/p>\n<p><strong>Cuidados e manuten\u00e7\u00e3o:<\/strong><\/p>\n<p>Manter em local seco e arejado, em temperatura ambiente, protegido do sol, umidade e contaminantes. Lave o EPI utilizando sab\u00e3o\/detergente neutro e enx\u00e1gue em \u00e1gua, preferencialmente, em temperatura ambiente, ou em secadores at\u00e9 40\u00b0C. Prefira secar o EPI \u00e0 sombra, ou em secadora at\u00e9 40\u00b0C;<\/p>\n<p>Tamanho unico punho com 30 cm<\/p>\n<p>A Equipapet \u00e9 uma empresa especializada em\u00a0<b>equipamentos veterin\u00e1rios<\/b>. com vasta experi\u00eancia no setor, surgiu no intuito de ser refer\u00eancia no mercado de atua\u00e7\u00e3o e vem ganhando cada vez mais espa\u00e7o na \u00e1rea de\u00a0<b>Equipamentos Veterin\u00e1rios<\/b>\u00a0e\u00a0<b>Produtos Veterin\u00e1rios<\/b>\u00a0relacionados a montar\u00a0<b>Consult\u00f3rios Veterin\u00e1rios<\/b>,\u00a0<b>Cl\u00ednicas Veterin\u00e1rias<\/b>\u00a0e<b>\u00a0Hospitais Veterin\u00e1rios.<\/b><\/p>\n<p>&nbsp;<\/p>\n<p>&nbsp;<\/p>\n<p>Contamos com profissionais treinados e experientes\u00a0para dar todo o suporte para a melhor escolha al\u00e9m de acompanhar o veterin\u00e1rio em sua vida profissional e no dia-a-dia dando suporte no que precisar.<\/p>\n<p>&nbsp;<\/p>\n<p>Conhe\u00e7a nossos produtos, buscamos oferecer sempre a melhor solu\u00e7\u00e3o para sua cl\u00ednica veterin\u00e1ria.<\/p>\n","protected":false},"excerpt":{"rendered":"<p>Luva de seguran\u00e7a confeccionada em raspa, refor\u00e7o interno em raspa na palma e dedos, tira de refor\u00e7o externo em raspa<\/p>\n","protected":false},"featured_media":6670,"template":"","meta":[],"product_cat":[740,739],"product_tag":[],"class_list":{"0":"post-6671","1":"product","2":"type-product","3":"status-publish","4":"has-post-thumbnail","6":"product_cat-banho-tosa","7":"product_cat-clinica-veterinaria","9":"first","10":"instock","11":"shipping-taxable","12":"product-type-simple"},"_links":{"self":[{"href":"https:\/\/equipapet.com.br\/website\/wp-json\/wp\/v2\/product\/6671","targetHints":{"allow":["GET"]}}],"collection":[{"href":"https:\/\/equipapet.com.br\/website\/wp-json\/wp\/v2\/product"}],"about":[{"href":"https:\/\/equipapet.com.br\/website\/wp-json\/wp\/v2\/types\/product"}],"wp:featuredmedia":[{"embeddable":true,"href":"https:\/\/equipapet.com.br\/website\/wp-json\/wp\/v2\/media\/6670"}],"wp:attachment":[{"href":"https:\/\/equipapet.com.br\/website\/wp-json\/wp\/v2\/media?parent=6671"}],"wp:term":[{"taxonomy":"product_cat","embeddable":true,"href":"https:\/\/equipapet.com.br\/website\/wp-json\/wp\/v2\/product_cat?post=6671"},{"taxonomy":"product_tag","embeddable":true,"href":"https:\/\/equipapet.com.br\/website\/wp-json\/wp\/v2\/product_tag?post=6671"}],"curies":[{"name":"wp","href":"https:\/\/api.w.org\/{rel}","templated":true}]}}