{"id":6677,"date":"2021-07-20T17:04:42","date_gmt":"2021-07-20T20:04:42","guid":{"rendered":"https:\/\/www.equipapet.com.br\/site\/?post_type=product&#038;p=6677"},"modified":"2025-06-11T13:57:02","modified_gmt":"2025-06-11T16:57:02","slug":"autoclave-23l","status":"publish","type":"product","link":"https:\/\/equipapet.com.br\/website\/product\/autoclave-23l\/","title":{"rendered":"AUTOCLAVE 23L"},"content":{"rendered":"<p>CARACTERISTICAS<\/p>\n<ul>\n<li>6 ciclos de esterilizac\u00e3o pr\u00e9-programados<\/li>\n<li>Registro eletronico de ciclo em cart\u00e3o MICRO SD<\/li>\n<li>Funcionamento sem necessidade de ajuste de altitude<\/li>\n<li>Sistema inovador de retirada de ar frio da camara<\/li>\n<li>3 bandejas de aluminio ionizado<\/li>\n<li>Porta e c\u00e2mara em aco inox 304<\/li>\n<li>2 anos de Garantia de F\u00e1brica e 10 anos na C\u00e2mara<\/li>\n<li>Potencia 1600W<\/li>\n<li>Bivolt<\/li>\n<li>Esterilizacao de 121*C ou 134*C<\/li>\n<li>Dimensao CxLxA 68&#215;33,5x37cm<\/li>\n<li>Peso liquido 21,90 kg<\/li>\n<li>Peso bruto 24,90kg<\/li>\n<li>Capacidade 23LA Equipapet \u00e9 uma empresa especializada em\u00a0<b>equipamentos veterin\u00e1rios<\/b>. com vasta experi\u00eancia no setor, surgiu no intuito de ser refer\u00eancia no mercado de atua\u00e7\u00e3o e vem ganhando cada vez mais espa\u00e7o na \u00e1rea de\u00a0<b>Equipamentos Veterin\u00e1rios<\/b>\u00a0e\u00a0<b>Produtos Veterin\u00e1rios<\/b>\u00a0relacionados a montar\u00a0<b>Consult\u00f3rios Veterin\u00e1rios<\/b>,\u00a0<b>Cl\u00ednicas Veterin\u00e1rias<\/b>\u00a0e<b>\u00a0Hospitais Veterin\u00e1rios.<\/b>&nbsp;\n<p>Contamos com profissionais treinados e experientes\u00a0para dar todo o suporte para a melhor escolha al\u00e9m de acompanhar o veterin\u00e1rio em sua vida profissional e no dia-a-dia dando suporte no que precisar.<\/p>\n<p>&nbsp;<\/p>\n<p>Conhe\u00e7a nossos produtos, buscamos oferecer sempre a melhor solu\u00e7\u00e3o para sua cl\u00ednica veterin\u00e1ria.<\/li>\n<\/ul>\n<p>&nbsp;<\/p>\n<p>&nbsp;<\/p>\n","protected":false},"excerpt":{"rendered":"<p>CARACTERISTICAS 6 ciclos de esterilizac\u00e3o pr\u00e9-programados Registro eletronico de ciclo em cart\u00e3o MICRO SD Funcionamento sem necessidade de ajuste de<\/p>\n","protected":false},"featured_media":6679,"template":"","meta":[],"product_cat":[739,777],"product_tag":[],"class_list":{"0":"post-6677","1":"product","2":"type-product","3":"status-publish","4":"has-post-thumbnail","6":"product_cat-clinica-veterinaria","7":"product_cat-equipamentos","9":"first","10":"instock","11":"shipping-taxable","12":"product-type-simple"},"_links":{"self":[{"href":"https:\/\/equipapet.com.br\/website\/wp-json\/wp\/v2\/product\/6677","targetHints":{"allow":["GET"]}}],"collection":[{"href":"https:\/\/equipapet.com.br\/website\/wp-json\/wp\/v2\/product"}],"about":[{"href":"https:\/\/equipapet.com.br\/website\/wp-json\/wp\/v2\/types\/product"}],"wp:featuredmedia":[{"embeddable":true,"href":"https:\/\/equipapet.com.br\/website\/wp-json\/wp\/v2\/media\/6679"}],"wp:attachment":[{"href":"https:\/\/equipapet.com.br\/website\/wp-json\/wp\/v2\/media?parent=6677"}],"wp:term":[{"taxonomy":"product_cat","embeddable":true,"href":"https:\/\/equipapet.com.br\/website\/wp-json\/wp\/v2\/product_cat?post=6677"},{"taxonomy":"product_tag","embeddable":true,"href":"https:\/\/equipapet.com.br\/website\/wp-json\/wp\/v2\/product_tag?post=6677"}],"curies":[{"name":"wp","href":"https:\/\/api.w.org\/{rel}","templated":true}]}}