{"id":7478,"date":"2023-02-23T14:36:27","date_gmt":"2023-02-23T17:36:27","guid":{"rendered":"https:\/\/equipapet.com.br\/website\/?post_type=product&#038;p=7478"},"modified":"2025-06-11T13:33:25","modified_gmt":"2025-06-11T16:33:25","slug":"foco-cirurgico-vet-de-60-leds","status":"publish","type":"product","link":"https:\/\/equipapet.com.br\/website\/product\/foco-cirurgico-vet-de-60-leds\/","title":{"rendered":"FOCO CIR\u00daRGICO VET DE 60 LEDS"},"content":{"rendered":"<p>O Foco cir\u00fargico Delta Life \u00e9 mais um equipamento desenvolvido para facilitar consultas e procedimentos simples.<\/p>\n<p>&#8211; Diminui o risco de carregar agentes etiol\u00f3gicos para o centro cir\u00fargico;<\/p>\n<p>&#8211; Auxilia o m\u00e9dico veterin\u00e1rio em exames na sala de atendimento;<\/p>\n<p>&#8211; Facilita realiza\u00e7\u00e3o de procedimentos simples com maior eficiencia evitando assim a utiliza\u00e7\u00e3o do centro cir\u00fargico;<\/p>\n<p>&#8211; Melhora visualiza\u00e7\u00e3o e demonstra\u00e7\u00e3o de patologias para o propriet\u00e1rio facilitando assim sua compreens\u00e3o diante a condi\u00e7\u00e3o do paciente.<\/p>\n<p>&nbsp;<\/p>\n<p><strong>Especifica\u00e7\u00f5es t\u00e9cnicas:<\/strong><\/p>\n<p>* Di\u00e2metro da c\u00fapula Principal: 200mm<\/p>\n<p>* Di\u00e2metro da C\u00fapula Secund\u00e1ria: 300mm<\/p>\n<p>* Numero de C\u00fapulas: 1 prim\u00e1ria e 2 Secund\u00e1rias<\/p>\n<p>* Leds por c\u00fapula: 20 Leds, sendo 10 Branco frio e 10 Branco Quente<\/p>\n<p>* Total de leds: 60 Leds de auto brilho e alta pot\u00eancia.<\/p>\n<p>* Temperatura da cor: 3.200\u00baK \/ 4.200\u00baK +\/- 200\u00baK<\/p>\n<p>* Intensidade luminosa: 190 mil Lux +\/-5%<\/p>\n<p>* Vida \u00fatil: +\/- 20mil horas * Alimenta\u00e7\u00e3o: 110V ou 220V autom\u00e1tico<\/p>\n<p>* Material: Alum\u00ednio<\/p>\n","protected":false},"excerpt":{"rendered":"<p>O Foco cir\u00fargico Delta Life \u00e9 mais um equipamento desenvolvido para facilitar consultas e procedimentos simples. &#8211; Diminui o risco<\/p>\n","protected":false},"featured_media":7477,"template":"","meta":[],"product_cat":[739,777],"product_tag":[],"class_list":{"0":"post-7478","1":"product","2":"type-product","3":"status-publish","4":"has-post-thumbnail","6":"product_cat-clinica-veterinaria","7":"product_cat-equipamentos","9":"first","10":"instock","11":"shipping-taxable","12":"product-type-simple"},"_links":{"self":[{"href":"https:\/\/equipapet.com.br\/website\/wp-json\/wp\/v2\/product\/7478","targetHints":{"allow":["GET"]}}],"collection":[{"href":"https:\/\/equipapet.com.br\/website\/wp-json\/wp\/v2\/product"}],"about":[{"href":"https:\/\/equipapet.com.br\/website\/wp-json\/wp\/v2\/types\/product"}],"wp:featuredmedia":[{"embeddable":true,"href":"https:\/\/equipapet.com.br\/website\/wp-json\/wp\/v2\/media\/7477"}],"wp:attachment":[{"href":"https:\/\/equipapet.com.br\/website\/wp-json\/wp\/v2\/media?parent=7478"}],"wp:term":[{"taxonomy":"product_cat","embeddable":true,"href":"https:\/\/equipapet.com.br\/website\/wp-json\/wp\/v2\/product_cat?post=7478"},{"taxonomy":"product_tag","embeddable":true,"href":"https:\/\/equipapet.com.br\/website\/wp-json\/wp\/v2\/product_tag?post=7478"}],"curies":[{"name":"wp","href":"https:\/\/api.w.org\/{rel}","templated":true}]}}